{"id":115619,"date":"2024-11-20T14:41:22","date_gmt":"2024-11-20T13:41:22","guid":{"rendered":"https:\/\/secureus.se\/?post_type=product&#038;p=115619"},"modified":"2026-01-12T12:29:02","modified_gmt":"2026-01-12T11:29:02","slug":"magnetram-duraframe-magnetic-note-a4","status":"publish","type":"product","link":"https:\/\/secureus.se\/pl\/magnetram-duraframe-magnetic-note-a4\/","title":{"rendered":"Ramka magnetyczna DURAFRAME\u00ae MAGNETIC NOTE A4"},"content":{"rendered":"<p>Magnetycznie przylepn\u0105 ramk\u0119 informacyjn\u0105 DURAFRAME\u00ae MAGNETIC NOTE mo\u017cna wykorzysta\u0107 np. do list kontrolnych, w przypadku kt\u00f3rych nale\u017cy sporz\u0105dza\u0107 notatki bezpo\u015brednio na papierze.<br \/>\n\u0141atwe wk\u0142adanie lub zmiana wiadomo\u015bci poprzez podniesienie przodu z magnetycznym zamkni\u0119ciem ze wszystkich trzech otwieranych stron. Z ty\u0142u dolnego arkusza z tworzywa sztucznego znajduj\u0105 si\u0119 paski magnetyczne wok\u00f3\u0142 ca\u0142ej ramy, kt\u00f3re mo\u017cna umie\u015bci\u0107 na przyk\u0142ad na tablicach, szafkach i metalowych \u015bcianach.<br \/>\nMie\u015bci do 5 arkuszy A4 o gramaturze 80 gr, takich jak harmonogramy sprz\u0105tania, listy rejestracyjne lub kontrole konserwacyjne, na kt\u00f3rych nale\u017cy robi\u0107 notatki bezpo\u015brednio na arkuszu. Uchwyt na d\u0142ugopis po jednej stronie.<br \/>\nOpakowanie zawiera 1 szt.<\/p>","protected":false},"excerpt":{"rendered":"<p>Ramka magnetyczna na notatki bezpo\u015brednio na papierze. Do stosowania na powierzchniach metalowych.<\/p>","protected":false},"featured_media":133109,"template":"","meta":{"_acf_changed":false},"product_brand":[],"product_cat":[4295],"product_tag":[4382],"class_list":{"0":"post-115619","1":"product","2":"type-product","3":"status-publish","4":"has-post-thumbnail","6":"product_cat-inforamar-for-metallytor","7":"product_tag-silver","8":"product_shipping_class-tunga-paket","9":"pa_brands-durable","10":"pa_farg-silver","11":"tm-no-options","13":"first","14":"instock","15":"sale","16":"taxable","17":"shipping-taxable","18":"purchasable","19":"product-type-simple"},"acf":[],"_links":{"self":[{"href":"https:\/\/secureus.se\/pl\/wp-json\/wp\/v2\/product\/115619","targetHints":{"allow":["GET"]}}],"collection":[{"href":"https:\/\/secureus.se\/pl\/wp-json\/wp\/v2\/product"}],"about":[{"href":"https:\/\/secureus.se\/pl\/wp-json\/wp\/v2\/types\/product"}],"wp:featuredmedia":[{"embeddable":true,"href":"https:\/\/secureus.se\/pl\/wp-json\/wp\/v2\/media\/133109"}],"wp:attachment":[{"href":"https:\/\/secureus.se\/pl\/wp-json\/wp\/v2\/media?parent=115619"}],"wp:term":[{"taxonomy":"product_brand","embeddable":true,"href":"https:\/\/secureus.se\/pl\/wp-json\/wp\/v2\/product_brand?post=115619"},{"taxonomy":"product_cat","embeddable":true,"href":"https:\/\/secureus.se\/pl\/wp-json\/wp\/v2\/product_cat?post=115619"},{"taxonomy":"product_tag","embeddable":true,"href":"https:\/\/secureus.se\/pl\/wp-json\/wp\/v2\/product_tag?post=115619"}],"curies":[{"name":"wp","href":"https:\/\/api.w.org\/{rel}","templated":true}]}}