{"id":115620,"date":"2024-11-20T14:14:37","date_gmt":"2024-11-20T13:14:37","guid":{"rendered":"https:\/\/secureus.se\/?post_type=product&#038;p=115620"},"modified":"2026-01-12T12:52:52","modified_gmt":"2026-01-12T11:52:52","slug":"namnskylt-set-60x90-hangselclips-a4-etikettark-2","status":"publish","type":"product","link":"https:\/\/secureus.se\/pl\/namnskylt-set-60x90-hangselclips-a4-etikettark-2\/","title":{"rendered":"Tabliczka znamionowa ZESTAW 60\u00d790, klips do zawias\u00f3w + arkusz etykiet A4"},"content":{"rendered":"<p>Uczestnicy konferencji, go\u015bcie firm, pracownicy targ\u00f3w, sklep\u00f3w, przedstawiciele zawod\u00f3w us\u0142ugowych i sprzedawcy \u2013 list\u0119 mo\u017cna rozszerzy\u0107 tam, gdzie potrzebne s\u0105 identyfikatory w r\u00f3\u017cnych rozmiarach, wzorach i mo\u017cliwo\u015bciach mocowania. Kompletny zestaw z tabliczk\u0105 znamionow\u0105 w formacie poziomym 60x90mm z obrotowym klipsem zawiasowym, kt\u00f3ry zapewnia, \u017ce tabliczka zawsze wisi we w\u0142a\u015bciwej pozycji. Wyci\u0119ty prz\u00f3d u\u0142atwia wymian\u0119 karty stosunkowo cz\u0119sto. W zestawie znajduj\u0105 si\u0119 4 kartki formatu A4 z bia\u0142ymi etykietami do wydruku w drukarce. Wi\u0119cej etykiet na arkuszach A4 mo\u017cna zam\u00f3wi\u0107 osobno. Skorzystaj z bezp\u0142atnego programu DURAPRINT\u00ae dost\u0119pnego na www.duraprint.se, aby tworzy\u0107 i drukowa\u0107 stylowe etykiety imienne.<br \/>\nAkcesoria:<br \/>\nEtykiety Badgemaker\u00ae na kartkach A4 do druku w drukarce, nr art. 145602<\/p>","protected":false},"excerpt":{"rendered":"<p>Kompletny zestaw arkuszy etykiet A4 do drukowania w drukarce. 20 tabliczek znamionowych w formacie poziomym 60 x 90 mm z klipsami do zawieszania.<\/p>","protected":false},"featured_media":133594,"template":"","meta":{"_acf_changed":false},"product_brand":[],"product_cat":[4275],"product_tag":[],"class_list":{"0":"post-115620","1":"product","2":"type-product","3":"status-publish","4":"has-post-thumbnail","6":"product_cat-namnskyltar-kompletta-set","7":"product_shipping_class-tunga-paket","8":"pa_brands-durable","9":"tm-no-options","11":"first","12":"instock","13":"sale","14":"taxable","15":"shipping-taxable","16":"purchasable","17":"product-type-simple"},"acf":[],"_links":{"self":[{"href":"https:\/\/secureus.se\/pl\/wp-json\/wp\/v2\/product\/115620","targetHints":{"allow":["GET"]}}],"collection":[{"href":"https:\/\/secureus.se\/pl\/wp-json\/wp\/v2\/product"}],"about":[{"href":"https:\/\/secureus.se\/pl\/wp-json\/wp\/v2\/types\/product"}],"wp:featuredmedia":[{"embeddable":true,"href":"https:\/\/secureus.se\/pl\/wp-json\/wp\/v2\/media\/133594"}],"wp:attachment":[{"href":"https:\/\/secureus.se\/pl\/wp-json\/wp\/v2\/media?parent=115620"}],"wp:term":[{"taxonomy":"product_brand","embeddable":true,"href":"https:\/\/secureus.se\/pl\/wp-json\/wp\/v2\/product_brand?post=115620"},{"taxonomy":"product_cat","embeddable":true,"href":"https:\/\/secureus.se\/pl\/wp-json\/wp\/v2\/product_cat?post=115620"},{"taxonomy":"product_tag","embeddable":true,"href":"https:\/\/secureus.se\/pl\/wp-json\/wp\/v2\/product_tag?post=115620"}],"curies":[{"name":"wp","href":"https:\/\/api.w.org\/{rel}","templated":true}]}}