{"id":115644,"date":"2024-11-20T14:41:22","date_gmt":"2024-11-20T13:41:22","guid":{"rendered":"https:\/\/secureus.se\/?post_type=product&#038;p=115644"},"modified":"2026-01-12T12:57:41","modified_gmt":"2026-01-12T11:57:41","slug":"magnetram-duraframe-magnetic-security-a4-3","status":"publish","type":"product","link":"https:\/\/secureus.se\/pl\/magnetram-duraframe-magnetic-security-a4-3\/","title":{"rendered":"Ramka magnetyczna DURAFRAME\u00ae MAGNETIC SECURITY A4"},"content":{"rendered":"<p>U\u017cyj magnetycznej ramki informacyjnej DURAFRAME\u00ae MAGNETIC SECURITY, aby w profesjonalny, szybki i \u0142atwy spos\u00f3b wy\u015bwietla\u0107 tymczasowe lub trwa\u0142e informacje dotycz\u0105ce bezpiecze\u0144stwa i ostrze\u017cenia. Umie\u015b\u0107 arkusz ochronny z magnesem na ca\u0142ej kraw\u0119dzi ramki nad dokumentem i zamocuj go np. na tablicach, szafkach do przewijania i metalowych \u015bcianach. Jasne! Schludna i \u0142atwiejsza obs\u0142uga ni\u017c np. ta\u015bma.<br \/>\nDo dokument\u00f3w w formacie A4. Mo\u017ce by\u0107 u\u017cywany w formacie pionowym lub poziomym. Wymiary zewn\u0119trzne 236\u00d7323 mm. Kolory \u017c\u00f3\u0142to-czarny sygnalizuj\u0105 r\u00f3\u017cne rodzaje zagro\u017ce\u0144 i ryzyka zgodnie z norm\u0105 ISO 3864-4 dotycz\u0105c\u0105 kolor\u00f3w bezpiecze\u0144stwa.<br \/>\nOpakowanie zawiera 5 szt.<\/p>","protected":false},"excerpt":{"rendered":"<p>Ramka magnetyczna w kolorach ostrzegawczych do przejrzystego wy\u015bwietlania wa\u017cnych informacji dotycz\u0105cych bezpiecze\u0144stwa, powiadomie\u0144 i ostrze\u017ce\u0144.<\/p>","protected":false},"featured_media":133245,"template":"","meta":{"_acf_changed":false},"product_brand":[],"product_cat":[4295],"product_tag":[4386],"class_list":{"0":"post-115644","1":"product","2":"type-product","3":"status-publish","4":"has-post-thumbnail","6":"product_cat-inforamar-for-metallytor","7":"product_tag-gul-svart","8":"product_shipping_class-tunga-paket","9":"pa_brands-durable","10":"pa_farg-gul-svart","11":"tm-no-options","13":"first","14":"instock","15":"sale","16":"taxable","17":"shipping-taxable","18":"purchasable","19":"product-type-simple"},"acf":[],"_links":{"self":[{"href":"https:\/\/secureus.se\/pl\/wp-json\/wp\/v2\/product\/115644","targetHints":{"allow":["GET"]}}],"collection":[{"href":"https:\/\/secureus.se\/pl\/wp-json\/wp\/v2\/product"}],"about":[{"href":"https:\/\/secureus.se\/pl\/wp-json\/wp\/v2\/types\/product"}],"wp:featuredmedia":[{"embeddable":true,"href":"https:\/\/secureus.se\/pl\/wp-json\/wp\/v2\/media\/133245"}],"wp:attachment":[{"href":"https:\/\/secureus.se\/pl\/wp-json\/wp\/v2\/media?parent=115644"}],"wp:term":[{"taxonomy":"product_brand","embeddable":true,"href":"https:\/\/secureus.se\/pl\/wp-json\/wp\/v2\/product_brand?post=115644"},{"taxonomy":"product_cat","embeddable":true,"href":"https:\/\/secureus.se\/pl\/wp-json\/wp\/v2\/product_cat?post=115644"},{"taxonomy":"product_tag","embeddable":true,"href":"https:\/\/secureus.se\/pl\/wp-json\/wp\/v2\/product_tag?post=115644"}],"curies":[{"name":"wp","href":"https:\/\/api.w.org\/{rel}","templated":true}]}}