{"id":115664,"date":"2024-11-20T14:14:58","date_gmt":"2024-11-20T13:14:58","guid":{"rendered":"https:\/\/secureus.se\/?post_type=product&#038;p=115664"},"modified":"2026-01-12T12:05:43","modified_gmt":"2026-01-12T11:05:43","slug":"plastficka-a4l-med-fastband","status":"publish","type":"product","link":"https:\/\/secureus.se\/pl\/plastficka-a4l-med-fastband\/","title":{"rendered":"Plastikowa kiesze\u0144 A4L z paskiem mocuj\u0105cym"},"content":{"rendered":"<p>Czytelne i kompleksowe oznakowanie szaf, drzwi, pojemnik\u00f3w i \u015bcian z siatek usprawnia i usprawnia proces pracy w magazynach i zak\u0142adach produkcyjnych. Plastikowe kieszenie wykonane z wytrzyma\u0142ego polipropylenu mo\u017cna odczyta\u0107 za pomoc\u0105 skanera. Os\u0142ona oznacza, \u017ce wk\u0142adka jest chroniona przed brudem i wilgoci\u0105, nawet na zewn\u0105trz. Zapinana na dwa paski w kszta\u0142cie strza\u0142ek, kt\u00f3re przewleczone s\u0105 przez otwory w g\u00f3rnej cz\u0119\u015bci kieszeni, a nast\u0119pnie solidnie przymocowane do siatki. Bezp\u0142atny szablon etykiety jest dost\u0119pny na stronie www.duraprint.se.<br \/>\nWymiary wewn\u0119trzne: A4L (297\u00d7210 mm szer. x wys.)<br \/>\nWymiary zewn\u0119trzne: 311\u00d7442 mm (szer. x wys.)<br \/>\nAkcesoria: Etykiety na kartkach A4, art. Nr 485602<\/p>","protected":false},"excerpt":{"rendered":"<p>Plastikowa kiesze\u0144 z samoblokuj\u0105cym paskiem do zawieszania na r\u00f3\u017cnych typach siatek, takich jak \u015bcianki siatkowe i w\u00f3zki do siatek. Z os\u0142on\u0105 zabezpieczaj\u0105c\u0105 otw\u00f3r.<\/p>","protected":false},"featured_media":133657,"template":"","meta":{"_acf_changed":false},"product_brand":[],"product_cat":[4306],"product_tag":[4395],"class_list":{"0":"post-115664","1":"product","2":"type-product","3":"status-publish","4":"has-post-thumbnail","6":"product_cat-markning-pallstall","7":"product_tag-gul","8":"product_shipping_class-tunga-paket","9":"pa_brands-durable","10":"pa_farg-gul","11":"tm-no-options","13":"first","14":"instock","15":"sale","16":"taxable","17":"shipping-taxable","18":"purchasable","19":"product-type-simple"},"acf":[],"_links":{"self":[{"href":"https:\/\/secureus.se\/pl\/wp-json\/wp\/v2\/product\/115664","targetHints":{"allow":["GET"]}}],"collection":[{"href":"https:\/\/secureus.se\/pl\/wp-json\/wp\/v2\/product"}],"about":[{"href":"https:\/\/secureus.se\/pl\/wp-json\/wp\/v2\/types\/product"}],"wp:featuredmedia":[{"embeddable":true,"href":"https:\/\/secureus.se\/pl\/wp-json\/wp\/v2\/media\/133657"}],"wp:attachment":[{"href":"https:\/\/secureus.se\/pl\/wp-json\/wp\/v2\/media?parent=115664"}],"wp:term":[{"taxonomy":"product_brand","embeddable":true,"href":"https:\/\/secureus.se\/pl\/wp-json\/wp\/v2\/product_brand?post=115664"},{"taxonomy":"product_cat","embeddable":true,"href":"https:\/\/secureus.se\/pl\/wp-json\/wp\/v2\/product_cat?post=115664"},{"taxonomy":"product_tag","embeddable":true,"href":"https:\/\/secureus.se\/pl\/wp-json\/wp\/v2\/product_tag?post=115664"}],"curies":[{"name":"wp","href":"https:\/\/api.w.org\/{rel}","templated":true}]}}