{"id":115685,"date":"2024-11-20T14:15:57","date_gmt":"2024-11-20T13:15:57","guid":{"rendered":"https:\/\/secureus.se\/?post_type=product&#038;p=115685"},"modified":"2026-01-12T12:05:46","modified_gmt":"2026-01-12T11:05:46","slug":"plastficka-a4s-med-tradbygel","status":"publish","type":"product","link":"https:\/\/secureus.se\/pl\/plastficka-a4s-med-tradbygel\/","title":{"rendered":"Plastikowa kiesze\u0144 A4S z klipsem drucianym"},"content":{"rendered":"<p>Czytelne i kompleksowe oznakowanie pojemnik\u00f3w, nadstawek paletowych, skrzy\u0144 paletowych i \u015bcianek siatkowych usprawnia i usprawnia proces pracy w magazynach i zak\u0142adach produkcyjnych. Plastikowe kieszenie wykonane z wytrzyma\u0142ego polipropylenu mo\u017cna odczyta\u0107 za pomoc\u0105 skanera. Os\u0142ona oznacza, \u017ce wk\u0142adka jest chroniona przed brudem i wilgoci\u0105, nawet na zewn\u0105trz. Zapinany na ocynkowan\u0105, elastyczn\u0105 klamr\u0119 z drutu. Bezp\u0142atny szablon etykiety jest dost\u0119pny na stronie www.duraprint.se.<br \/>\nWymiary wewn\u0119trzne: A4S (210\u00d7297 mm szer. x wys.)<br \/>\nWymiary zewn\u0119trzne: 223x368mm (szer. x wys.)<br \/>\nWymiary zewn\u0119trzne z drutem stalowym: 329\u00d7376 mm (szer. x wys.)<br \/>\nAkcesoria: Etykiety na kartkach A4, art. Nr 485652<\/p>","protected":false},"excerpt":{"rendered":"<p>Plastikowa kiesze\u0144 z drucianym wieszakiem do zastosowania np. na siatkach, nadstawkach paletowych, skrzyniach paletowych. Z os\u0142on\u0105 zabezpieczaj\u0105c\u0105 otw\u00f3r.<\/p>","protected":false},"featured_media":133728,"template":"","meta":{"_acf_changed":false},"product_brand":[],"product_cat":[4306],"product_tag":[4395],"class_list":{"0":"post-115685","1":"product","2":"type-product","3":"status-publish","4":"has-post-thumbnail","6":"product_cat-markning-pallstall","7":"product_tag-gul","8":"product_shipping_class-tunga-paket","9":"pa_brands-durable","10":"pa_farg-gul","11":"tm-no-options","13":"first","14":"instock","15":"sale","16":"taxable","17":"shipping-taxable","18":"purchasable","19":"product-type-simple"},"acf":[],"_links":{"self":[{"href":"https:\/\/secureus.se\/pl\/wp-json\/wp\/v2\/product\/115685","targetHints":{"allow":["GET"]}}],"collection":[{"href":"https:\/\/secureus.se\/pl\/wp-json\/wp\/v2\/product"}],"about":[{"href":"https:\/\/secureus.se\/pl\/wp-json\/wp\/v2\/types\/product"}],"wp:featuredmedia":[{"embeddable":true,"href":"https:\/\/secureus.se\/pl\/wp-json\/wp\/v2\/media\/133728"}],"wp:attachment":[{"href":"https:\/\/secureus.se\/pl\/wp-json\/wp\/v2\/media?parent=115685"}],"wp:term":[{"taxonomy":"product_brand","embeddable":true,"href":"https:\/\/secureus.se\/pl\/wp-json\/wp\/v2\/product_brand?post=115685"},{"taxonomy":"product_cat","embeddable":true,"href":"https:\/\/secureus.se\/pl\/wp-json\/wp\/v2\/product_cat?post=115685"},{"taxonomy":"product_tag","embeddable":true,"href":"https:\/\/secureus.se\/pl\/wp-json\/wp\/v2\/product_tag?post=115685"}],"curies":[{"name":"wp","href":"https:\/\/api.w.org\/{rel}","templated":true}]}}