{"id":115702,"date":"2024-11-05T17:26:25","date_gmt":"2024-11-05T16:26:25","guid":{"rendered":"https:\/\/secureus.se\/?post_type=product&#038;p=115702"},"modified":"2026-01-12T12:37:24","modified_gmt":"2026-01-12T11:37:24","slug":"sherpa-panel-a4-6","status":"publish","type":"product","link":"https:\/\/secureus.se\/pl\/sherpa-panel-a4-6\/","title":{"rendered":"PANEL SHERPA\u00ae A4"},"content":{"rendered":"<p>Nieodblaskowe, skanowalne kieszenie z kolorow\u0105 ramk\u0105 na dokumenty w formacie A4 takie jak cenniki, notatki itp., kt\u00f3re s\u0105 chronione w kieszeni. Do stosowania w systemach przegl\u0105dowych z kolcami zintegrowanymi z uchwytem. Otw\u00f3r u g\u00f3ry do zmiany dokument\u00f3w. Wykonane z tworzywa polipropylenowego. SHERPA\u00ae PANEL to rama wchodz\u0105ca w sk\u0142ad kompletnych zestaw\u00f3w z serii SHERPA\u00b0 i VARIO\u00b0 firmy DURABLE. Minimalny zakup to pakiet 5 paneli (czarny, czerwony, \u017c\u00f3\u0142ty, zielony i niebieski). 5 lat gwarancji. Warunki gwarancji mo\u017cna znale\u017a\u0107 tutaj: https:\/\/www.durable.se\/sv_SE\/service\/garanti\/garanti-foer-sherpa-vario\/<br \/>\nAkcesoria: Uchwyt nag\u0142\u00f3wka, numer artyku\u0142u 560919, aller 560319<\/p>","protected":false},"excerpt":{"rendered":"<p>Plastikowa kiesze\u0144 z kolorow\u0105 ramk\u0105. Nadaje si\u0119 do sto\u0142\u00f3w i stojak\u00f3w \u015bciennych, kt\u00f3re maj\u0105 kolce zintegrowane ze wspornikiem.<\/p>","protected":false},"featured_media":135296,"template":"","meta":{"_acf_changed":false},"product_brand":[],"product_cat":[4301],"product_tag":[],"class_list":{"0":"post-115702","1":"product","2":"type-product","3":"status-publish","4":"has-post-thumbnail","6":"product_cat-tillbehor-till-bladderpanelsystem","7":"product_shipping_class-tunga-paket","8":"pa_brands-durable","9":"pa_farg-blaviolett","10":"tm-no-options","12":"first","13":"instock","14":"sale","15":"taxable","16":"shipping-taxable","17":"purchasable","18":"product-type-simple"},"acf":[],"_links":{"self":[{"href":"https:\/\/secureus.se\/pl\/wp-json\/wp\/v2\/product\/115702","targetHints":{"allow":["GET"]}}],"collection":[{"href":"https:\/\/secureus.se\/pl\/wp-json\/wp\/v2\/product"}],"about":[{"href":"https:\/\/secureus.se\/pl\/wp-json\/wp\/v2\/types\/product"}],"wp:featuredmedia":[{"embeddable":true,"href":"https:\/\/secureus.se\/pl\/wp-json\/wp\/v2\/media\/135296"}],"wp:attachment":[{"href":"https:\/\/secureus.se\/pl\/wp-json\/wp\/v2\/media?parent=115702"}],"wp:term":[{"taxonomy":"product_brand","embeddable":true,"href":"https:\/\/secureus.se\/pl\/wp-json\/wp\/v2\/product_brand?post=115702"},{"taxonomy":"product_cat","embeddable":true,"href":"https:\/\/secureus.se\/pl\/wp-json\/wp\/v2\/product_cat?post=115702"},{"taxonomy":"product_tag","embeddable":true,"href":"https:\/\/secureus.se\/pl\/wp-json\/wp\/v2\/product_tag?post=115702"}],"curies":[{"name":"wp","href":"https:\/\/api.w.org\/{rel}","templated":true}]}}