{"id":115708,"date":"2024-11-20T14:00:16","date_gmt":"2024-11-20T13:00:16","guid":{"rendered":"https:\/\/secureus.se\/?post_type=product&#038;p=115708"},"modified":"2026-01-12T12:25:53","modified_gmt":"2026-01-12T11:25:53","slug":"inforam-duraframe-sun-a3-2","status":"publish","type":"product","link":"https:\/\/secureus.se\/pl\/inforam-duraframe-sun-a3-2\/","title":{"rendered":"Ramka informacyjna DURAFRAME\u00ae SUN A3"},"content":{"rendered":"<p>Ramki informacyjne DURAFRAME\u00ae SUN s\u0142u\u017c\u0105 do profesjonalnego wy\u015bwietlania i prezentowania ofert promocyjnych, godzin otwarcia, reklam itp. w wystawach sklepowych wystawionych na dzia\u0142anie promieni s\u0142onecznych.<br \/>\n\u0141atwe wk\u0142adanie lub zmiana wiadomo\u015bci poprzez podniesienie przodu za pomoc\u0105 magnetycznego zamkni\u0119cia. \u0141atwy w monta\u017cu - wystarczy spryska\u0107 tyln\u0105 cz\u0119\u015b\u0107 wod\u0105 zmieszan\u0105 z kropl\u0105 p\u0142ynu do mycia naczy\u0144, a ramka przylgnie statycznie do szklanej powierzchni. \u0141adniejsze ni\u017c ta\u015bma! Mo\u017cna u\u017cywa\u0107 wielokrotnie i nie pozostawia \u015blad\u00f3w.<br \/>\nRama wygl\u0105da tak samo z przodu i z ty\u0142u.<br \/>\nOdporny na temperatur\u0119 do 70\u00b0 i odporny na promieniowanie UV do 2 lat.<br \/>\nDo dokument\u00f3w w formacie A3. Wymiary zewn\u0119trzne 323\u00d7446 mm.<br \/>\nOpakowanie zawiera 2 szt.<\/p>","protected":false},"excerpt":{"rendered":"<p>Ramka informacyjna mocowana statycznie do szyb. Do r\u00f3\u017cnych rodzaj\u00f3w informacji w formacie A3 wystawionych na dzia\u0142anie promieni s\u0142onecznych. Odporny na promieniowanie UV i wysok\u0105 temperatur\u0119.<\/p>","protected":false},"featured_media":134671,"template":"","meta":{"_acf_changed":false},"product_brand":[],"product_cat":[4294],"product_tag":[4382],"class_list":{"0":"post-115708","1":"product","2":"type-product","3":"status-publish","4":"has-post-thumbnail","6":"product_cat-inforamar-for-solexponerade-ytor","7":"product_tag-silver","8":"product_shipping_class-tunga-paket","9":"pa_brands-durable","10":"pa_farg-silver","11":"tm-no-options","13":"first","14":"instock","15":"sale","16":"taxable","17":"shipping-taxable","18":"purchasable","19":"product-type-simple"},"acf":[],"_links":{"self":[{"href":"https:\/\/secureus.se\/pl\/wp-json\/wp\/v2\/product\/115708","targetHints":{"allow":["GET"]}}],"collection":[{"href":"https:\/\/secureus.se\/pl\/wp-json\/wp\/v2\/product"}],"about":[{"href":"https:\/\/secureus.se\/pl\/wp-json\/wp\/v2\/types\/product"}],"wp:featuredmedia":[{"embeddable":true,"href":"https:\/\/secureus.se\/pl\/wp-json\/wp\/v2\/media\/134671"}],"wp:attachment":[{"href":"https:\/\/secureus.se\/pl\/wp-json\/wp\/v2\/media?parent=115708"}],"wp:term":[{"taxonomy":"product_brand","embeddable":true,"href":"https:\/\/secureus.se\/pl\/wp-json\/wp\/v2\/product_brand?post=115708"},{"taxonomy":"product_cat","embeddable":true,"href":"https:\/\/secureus.se\/pl\/wp-json\/wp\/v2\/product_cat?post=115708"},{"taxonomy":"product_tag","embeddable":true,"href":"https:\/\/secureus.se\/pl\/wp-json\/wp\/v2\/product_tag?post=115708"}],"curies":[{"name":"wp","href":"https:\/\/api.w.org\/{rel}","templated":true}]}}