{"id":115742,"date":"2024-12-07T15:21:16","date_gmt":"2024-12-07T14:21:16","guid":{"rendered":"https:\/\/secureus.se\/?post_type=product&#038;p=115742"},"modified":"2026-01-12T12:34:51","modified_gmt":"2026-01-12T11:34:51","slug":"rubrikhallare-58mm-sherpa-panel","status":"publish","type":"product","link":"https:\/\/secureus.se\/pl\/rubrikhallare-58mm-sherpa-panel\/","title":{"rendered":"Uchwyt nag\u0142\u00f3wka 58mm SHERPA\u00ae PANEL"},"content":{"rendered":"<p>Uchwyt na nag\u0142\u00f3wek 58 mm z bia\u0142ymi etykietami umo\u017cliwiaj\u0105cy szybkie odnalezienie szukanych informacji. Przypinany do g\u00f3ry lub wzd\u0142u\u017c kolorowych ramek plastikowych kieszeni SHERPA\u00ae PANEL. Mo\u017cna go przesuwa\u0107 etapami lub ca\u0142kowicie usuwa\u0107. 5 sztuk wzd\u0142u\u017c jednego d\u0142u\u017cszego boku oznacza, \u017ce widoczna jest ca\u0142a zak\u0142adka etykiety. Opakowanie 10 szt.<\/p>","protected":false},"excerpt":{"rendered":"<p>Uchwyt nag\u0142\u00f3wka 58 mm pasuj\u0105cy do plastikowych kieszeni SHERPA\u00ae PANEL.<\/p>","protected":false},"featured_media":135374,"template":"","meta":{"_acf_changed":false},"product_brand":[],"product_cat":[4301],"product_tag":[4376],"class_list":{"0":"post-115742","1":"product","2":"type-product","3":"status-publish","4":"has-post-thumbnail","6":"product_cat-tillbehor-till-bladderpanelsystem","7":"product_tag-transparent","8":"product_shipping_class-tunga-paket","9":"pa_brands-durable","10":"pa_farg-transparent","11":"tm-no-options","13":"first","14":"instock","15":"sale","16":"taxable","17":"shipping-taxable","18":"purchasable","19":"product-type-simple"},"acf":[],"_links":{"self":[{"href":"https:\/\/secureus.se\/pl\/wp-json\/wp\/v2\/product\/115742","targetHints":{"allow":["GET"]}}],"collection":[{"href":"https:\/\/secureus.se\/pl\/wp-json\/wp\/v2\/product"}],"about":[{"href":"https:\/\/secureus.se\/pl\/wp-json\/wp\/v2\/types\/product"}],"wp:featuredmedia":[{"embeddable":true,"href":"https:\/\/secureus.se\/pl\/wp-json\/wp\/v2\/media\/135374"}],"wp:attachment":[{"href":"https:\/\/secureus.se\/pl\/wp-json\/wp\/v2\/media?parent=115742"}],"wp:term":[{"taxonomy":"product_brand","embeddable":true,"href":"https:\/\/secureus.se\/pl\/wp-json\/wp\/v2\/product_brand?post=115742"},{"taxonomy":"product_cat","embeddable":true,"href":"https:\/\/secureus.se\/pl\/wp-json\/wp\/v2\/product_cat?post=115742"},{"taxonomy":"product_tag","embeddable":true,"href":"https:\/\/secureus.se\/pl\/wp-json\/wp\/v2\/product_tag?post=115742"}],"curies":[{"name":"wp","href":"https:\/\/api.w.org\/{rel}","templated":true}]}}