{"id":115747,"date":"2024-11-05T17:25:59","date_gmt":"2024-11-05T16:25:59","guid":{"rendered":"https:\/\/secureus.se\/?post_type=product&#038;p=115747"},"modified":"2026-01-12T12:37:24","modified_gmt":"2026-01-12T11:37:24","slug":"sherpa-panel-bact-o-clean-a4","status":"publish","type":"product","link":"https:\/\/secureus.se\/pl\/sherpa-panel-bact-o-clean-a4\/","title":{"rendered":"PANEL SHERPA\u00ae BACT-O-CLEAN A4"},"content":{"rendered":"<p>Kieszenie plastikowe polipropylenowe posiadaj\u0105ce dodatek zapobiegaj\u0105cy rozwojowi mikroorganizm\u00f3w. SHERPA\u00ae PANEL BACT-O-CLEAN doskonale sprawdza si\u0119 w informacjach wykorzystywanych przez wiele os\u00f3b, np. w s\u0142u\u017cbie zdrowia czy w kuchniach komercyjnych. Na dokumenty w formacie A4, odpowiednie do stosowania w systemach przegl\u0105dowych z kolcami zintegrowanymi w uchwycie. Otw\u00f3r u g\u00f3ry i po lewej stronie, u\u0142atwiaj\u0105cy wymian\u0119 dokument\u00f3w. 5 lat gwarancji. Warunki gwarancji mo\u017cna znale\u017a\u0107 tutaj: https:\/\/www.durable.se\/sv_SE\/service\/garanti\/garanti-foer-sherpa-vario\/<\/p>","protected":false},"excerpt":{"rendered":"<p>Plastikowa kiesze\u0144 z pow\u0142ok\u0105 BACT-O-CLEAN. Nadaje si\u0119 do sto\u0142\u00f3w i stojak\u00f3w \u015bciennych, kt\u00f3re maj\u0105 kolce zintegrowane ze wspornikiem.<\/p>","protected":false},"featured_media":135761,"template":"","meta":{"_acf_changed":false},"product_brand":[],"product_cat":[4301],"product_tag":[],"class_list":{"0":"post-115747","1":"product","2":"type-product","3":"status-publish","4":"has-post-thumbnail","6":"product_cat-tillbehor-till-bladderpanelsystem","7":"product_shipping_class-tunga-paket","8":"pa_brands-durable","9":"pa_farg-ljusbla","10":"tm-no-options","12":"first","13":"instock","14":"sale","15":"taxable","16":"shipping-taxable","17":"purchasable","18":"product-type-simple"},"acf":[],"_links":{"self":[{"href":"https:\/\/secureus.se\/pl\/wp-json\/wp\/v2\/product\/115747","targetHints":{"allow":["GET"]}}],"collection":[{"href":"https:\/\/secureus.se\/pl\/wp-json\/wp\/v2\/product"}],"about":[{"href":"https:\/\/secureus.se\/pl\/wp-json\/wp\/v2\/types\/product"}],"wp:featuredmedia":[{"embeddable":true,"href":"https:\/\/secureus.se\/pl\/wp-json\/wp\/v2\/media\/135761"}],"wp:attachment":[{"href":"https:\/\/secureus.se\/pl\/wp-json\/wp\/v2\/media?parent=115747"}],"wp:term":[{"taxonomy":"product_brand","embeddable":true,"href":"https:\/\/secureus.se\/pl\/wp-json\/wp\/v2\/product_brand?post=115747"},{"taxonomy":"product_cat","embeddable":true,"href":"https:\/\/secureus.se\/pl\/wp-json\/wp\/v2\/product_cat?post=115747"},{"taxonomy":"product_tag","embeddable":true,"href":"https:\/\/secureus.se\/pl\/wp-json\/wp\/v2\/product_tag?post=115747"}],"curies":[{"name":"wp","href":"https:\/\/api.w.org\/{rel}","templated":true}]}}