{"id":115778,"date":"2024-11-20T14:12:19","date_gmt":"2024-11-20T13:12:19","guid":{"rendered":"https:\/\/secureus.se\/?post_type=product&#038;p=115778"},"modified":"2026-01-12T12:49:10","modified_gmt":"2026-01-12T11:49:10","slug":"namnskylt-54x90-med-magnet-fix-placehold","status":"publish","type":"product","link":"https:\/\/secureus.se\/pl\/namnskylt-54x90-med-magnet-fix-placehold\/","title":{"rendered":"Tabliczka znamionowa 54\u00d790 z mocowaniem magnesem (po\u0142\u00f3\u017c i przytrzymaj)"},"content":{"rendered":"<p>Uczestnicy konferencji, go\u015bcie firm, pracownicy targ\u00f3w, sklep\u00f3w, przedstawiciele zawod\u00f3w us\u0142ugowych i sprzedawcy \u2013 list\u0119 mo\u017cna rozszerzy\u0107 tam, gdzie potrzebne s\u0105 identyfikatory w r\u00f3\u017cnych rozmiarach, wzorach i mo\u017cliwo\u015bciach mocowania. Jest to przyjazna dla tekstyli\u00f3w plakietka z imieniem, kt\u00f3ra nie robi dziur w ubraniach. Mocowanie magnetyczne jest zamocowane w taki spos\u00f3b, \u017ce tabliczka znamionowa pozostaje w \u017c\u0105danym po\u0142o\u017ceniu i nie obraca si\u0119 w \u017cadnym kierunku. UWAGA! Nie nadaje si\u0119 dla os\u00f3b z rozrusznikiem serca. Wyci\u0119ty uchwyt na kciuk z ty\u0142u u\u0142atwia zmian\u0119 plakietki. W zestawie bia\u0142e etykiety w pasku. Etykiety na arkuszach A4 do druku w drukarkach mo\u017cna zam\u00f3wi\u0107 osobno. Skorzystaj z darmowego programu DURAPRINT\u00ae dost\u0119pnego na www.duraprint.se, aby stworzy\u0107 i wydrukowa\u0107 stylowe etykiety imienne.<br \/>\nAkcesoria:<br \/>\nEtykiety Badgemaker\u00ae na kartkach A4 do druku w drukarce, nr art. 145502<\/p>","protected":false},"excerpt":{"rendered":"<p>Tabliczka znamionowa 54\u00d790 ze sta\u0142ym mocowaniem magnetycznym. Wspornik utrzymuje tabliczk\u0119 znamionow\u0105 w \u017c\u0105danej pozycji. 25 sztuk\/opakowanie<\/p>","protected":false},"featured_media":133593,"template":"","meta":{"_acf_changed":false},"product_brand":[],"product_cat":[4286],"product_tag":[4376],"class_list":{"0":"post-115778","1":"product","2":"type-product","3":"status-publish","4":"has-post-thumbnail","6":"product_cat-namnskyltar-med-magnet","7":"product_tag-transparent","8":"product_shipping_class-tunga-paket","9":"pa_brands-durable","10":"pa_farg-transparent","11":"tm-no-options","13":"first","14":"instock","15":"sale","16":"taxable","17":"shipping-taxable","18":"purchasable","19":"product-type-simple"},"acf":[],"_links":{"self":[{"href":"https:\/\/secureus.se\/pl\/wp-json\/wp\/v2\/product\/115778","targetHints":{"allow":["GET"]}}],"collection":[{"href":"https:\/\/secureus.se\/pl\/wp-json\/wp\/v2\/product"}],"about":[{"href":"https:\/\/secureus.se\/pl\/wp-json\/wp\/v2\/types\/product"}],"wp:featuredmedia":[{"embeddable":true,"href":"https:\/\/secureus.se\/pl\/wp-json\/wp\/v2\/media\/133593"}],"wp:attachment":[{"href":"https:\/\/secureus.se\/pl\/wp-json\/wp\/v2\/media?parent=115778"}],"wp:term":[{"taxonomy":"product_brand","embeddable":true,"href":"https:\/\/secureus.se\/pl\/wp-json\/wp\/v2\/product_brand?post=115778"},{"taxonomy":"product_cat","embeddable":true,"href":"https:\/\/secureus.se\/pl\/wp-json\/wp\/v2\/product_cat?post=115778"},{"taxonomy":"product_tag","embeddable":true,"href":"https:\/\/secureus.se\/pl\/wp-json\/wp\/v2\/product_tag?post=115778"}],"curies":[{"name":"wp","href":"https:\/\/api.w.org\/{rel}","templated":true}]}}