{"id":115784,"date":"2024-11-05T17:21:21","date_gmt":"2024-11-05T16:21:21","guid":{"rendered":"https:\/\/secureus.se\/?post_type=product&#038;p=115784"},"modified":"2026-01-12T12:49:26","modified_gmt":"2026-01-12T11:49:26","slug":"sjalvhaftande-ficka-pocketfix-a5-25-st","status":"publish","type":"product","link":"https:\/\/secureus.se\/pl\/sjalvhaftande-ficka-pocketfix-a5-25-st\/","title":{"rendered":"Kieszonka samoprzylepna POCKETFIX\u00ae A5 25 szt"},"content":{"rendered":"<p>Etykiety, teczki, pude\u0142ka itp. z etykietami umieszczanymi w samoprzylepnej kieszeni POCKETFIX\u00ae. Przezroczysta kiesze\u0144 wykonana jest z tworzywa polipropylenowego. Ta kiesze\u0144 na dokumenty w formacie A5 posiada otw\u00f3r wzd\u0142u\u017c jednego kr\u00f3tszego boku. Wymiary zewn\u0119trzne: 154\u00d7216 mm (szer. x wys.). Opakowanie 25 kieszeni.<\/p>","protected":false},"excerpt":{"rendered":"<p>Samoprzylepna kiesze\u0144 z otworem na jednym kr\u00f3tkim boku. Do dokument\u00f3w w formacie A5.<\/p>","protected":false},"featured_media":135557,"template":"","meta":{"_acf_changed":false},"product_brand":[],"product_cat":[4252],"product_tag":[4376],"class_list":{"0":"post-115784","1":"product","2":"type-product","3":"status-publish","4":"has-post-thumbnail","6":"product_cat-sjalvhaftande-fickor","7":"product_tag-transparent","8":"product_shipping_class-tunga-paket","9":"pa_brands-durable","10":"pa_farg-transparent","11":"tm-no-options","13":"first","14":"instock","15":"sale","16":"taxable","17":"shipping-taxable","18":"purchasable","19":"product-type-simple"},"acf":[],"_links":{"self":[{"href":"https:\/\/secureus.se\/pl\/wp-json\/wp\/v2\/product\/115784","targetHints":{"allow":["GET"]}}],"collection":[{"href":"https:\/\/secureus.se\/pl\/wp-json\/wp\/v2\/product"}],"about":[{"href":"https:\/\/secureus.se\/pl\/wp-json\/wp\/v2\/types\/product"}],"wp:featuredmedia":[{"embeddable":true,"href":"https:\/\/secureus.se\/pl\/wp-json\/wp\/v2\/media\/135557"}],"wp:attachment":[{"href":"https:\/\/secureus.se\/pl\/wp-json\/wp\/v2\/media?parent=115784"}],"wp:term":[{"taxonomy":"product_brand","embeddable":true,"href":"https:\/\/secureus.se\/pl\/wp-json\/wp\/v2\/product_brand?post=115784"},{"taxonomy":"product_cat","embeddable":true,"href":"https:\/\/secureus.se\/pl\/wp-json\/wp\/v2\/product_cat?post=115784"},{"taxonomy":"product_tag","embeddable":true,"href":"https:\/\/secureus.se\/pl\/wp-json\/wp\/v2\/product_tag?post=115784"}],"curies":[{"name":"wp","href":"https:\/\/api.w.org\/{rel}","templated":true}]}}