{"id":115790,"date":"2024-11-20T14:12:21","date_gmt":"2024-11-20T13:12:21","guid":{"rendered":"https:\/\/secureus.se\/?post_type=product&#038;p=115790"},"modified":"2026-01-12T12:47:38","modified_gmt":"2026-01-12T11:47:38","slug":"namnskylt-54x90-krokodilklamma","status":"publish","type":"product","link":"https:\/\/secureus.se\/pl\/namnskylt-54x90-krokodilklamma\/","title":{"rendered":"Tabliczka znamionowa 54\u00d790, krokodylek"},"content":{"rendered":"<p>Uczestnicy konferencji, go\u015bcie firm, pracownicy targ\u00f3w, sklep\u00f3w, osoby wykonuj\u0105ce zawody us\u0142ugowe i sprzedawcy \u2013 list\u0119 mo\u017cna rozszerzy\u0107 tam, gdzie potrzebne s\u0105 identyfikatory w r\u00f3\u017cnych rozmiarach, wzorach i mo\u017cliwo\u015bciach mocowania. Mocny zacisk krokodylkowy tego znaku w formacie wizyt\u00f3wki 54x90 mm mo\u017cna obraca\u0107 o 360\u00b0, co oznacza, \u017ce mo\u017cna go przymocowa\u0107 np. do klapy i krawata bez przekrzywiania. Tabliczk\u0119 z nazwiskiem mo\u017cna r\u00f3wnie\u017c dosun\u0105\u0107 do kraw\u0119dzi kieszeni na piersi tak, aby sama tabliczka by\u0142a widoczna, a ty\u0142 znajdowa\u0142 si\u0119 po wewn\u0119trznej stronie kieszeni. Uchwyt na kciuk u\u0142atwia wyjmowanie karty. W zestawie bia\u0142e etykiety w pasku. Etykiety na arkuszach A4 do druku w drukarkach mo\u017cna zam\u00f3wi\u0107 osobno. Skorzystaj z darmowego programu DURAPRINT\u00ae dost\u0119pnego na www.duraprint.se, aby stworzy\u0107 i wydrukowa\u0107 stylowe etykiety imienne.<br \/>\nAkcesoria:<br \/>\nEtykiety Badgemaker\u00ae na kartkach A4 do druku w drukarce, nr art. 145502<\/p>","protected":false},"excerpt":{"rendered":"<p>Imienny identyfikator mocowany za pomoc\u0105 krokodyla. Standardem dla wizyt\u00f3wek jest format 54x90mm. 25 sztuk\/opakowanie<\/p>","protected":false},"featured_media":133710,"template":"","meta":{"_acf_changed":false},"product_brand":[],"product_cat":[4285],"product_tag":[4376],"class_list":{"0":"post-115790","1":"product","2":"type-product","3":"status-publish","4":"has-post-thumbnail","6":"product_cat-namnskyltar-med-klamma","7":"product_tag-transparent","8":"product_shipping_class-tunga-paket","9":"pa_brands-durable","10":"pa_farg-transparent","11":"tm-no-options","13":"first","14":"instock","15":"sale","16":"taxable","17":"shipping-taxable","18":"purchasable","19":"product-type-simple"},"acf":[],"_links":{"self":[{"href":"https:\/\/secureus.se\/pl\/wp-json\/wp\/v2\/product\/115790","targetHints":{"allow":["GET"]}}],"collection":[{"href":"https:\/\/secureus.se\/pl\/wp-json\/wp\/v2\/product"}],"about":[{"href":"https:\/\/secureus.se\/pl\/wp-json\/wp\/v2\/types\/product"}],"wp:featuredmedia":[{"embeddable":true,"href":"https:\/\/secureus.se\/pl\/wp-json\/wp\/v2\/media\/133710"}],"wp:attachment":[{"href":"https:\/\/secureus.se\/pl\/wp-json\/wp\/v2\/media?parent=115790"}],"wp:term":[{"taxonomy":"product_brand","embeddable":true,"href":"https:\/\/secureus.se\/pl\/wp-json\/wp\/v2\/product_brand?post=115790"},{"taxonomy":"product_cat","embeddable":true,"href":"https:\/\/secureus.se\/pl\/wp-json\/wp\/v2\/product_cat?post=115790"},{"taxonomy":"product_tag","embeddable":true,"href":"https:\/\/secureus.se\/pl\/wp-json\/wp\/v2\/product_tag?post=115790"}],"curies":[{"name":"wp","href":"https:\/\/api.w.org\/{rel}","templated":true}]}}