{"id":115803,"date":"2024-11-20T14:12:21","date_gmt":"2024-11-20T13:12:21","guid":{"rendered":"https:\/\/secureus.se\/?post_type=product&#038;p=115803"},"modified":"2025-12-31T21:27:45","modified_gmt":"2025-12-31T20:27:45","slug":"namnskylt-54x90-nalfaste-10-pack","status":"publish","type":"product","link":"https:\/\/secureus.se\/pl\/namnskylt-54x90-nalfaste-10-pack\/","title":{"rendered":"Tabliczka znamionowa 54\u00d790, mocowanie na szpilk\u0119, 10 sztuk"},"content":{"rendered":"<p>Uczestnicy konferencji, go\u015bcie firm, pracownicy targ\u00f3w, sklep\u00f3w, osoby wykonuj\u0105ce zawody us\u0142ugowe i sprzedawcy \u2013 list\u0119 mo\u017cna rozszerzy\u0107 tam, gdzie potrzebne s\u0105 identyfikatory w r\u00f3\u017cnych rozmiarach, wzorach i mo\u017cliwo\u015bciach mocowania. Jest to klasyczna prosta plakietka odpowiednia na wizyt\u00f3wki o wymiarach 54x90mm. Pomimo swojej prostoty ma dobrze przemy\u015blane funkcje; Ig\u0142a w kszta\u0142cie litery S zapobiega przesuwaniu si\u0119 plakietki w d\u00f3\u0142 po przymocowaniu do ubrania, czubek ig\u0142y jest chroniony, dzi\u0119ki czemu nie odrywa u\u017cytkownika od plakietki, a uchwyt kciuka u\u0142atwia wyjmowanie karty. W zestawie bia\u0142e etykiety w pasku. Etykiety na arkuszach A4 do druku w drukarkach mo\u017cna zam\u00f3wi\u0107 osobno. Skorzystaj z darmowego programu DURAPRINT\u00ae dost\u0119pnego na www.duraprint.se, aby stworzy\u0107 i wydrukowa\u0107 stylowe etykiety imienne.<br \/>\nAkcesoria:<br \/>\nEtykiety Badgemaker\u00ae na kartkach A4 do druku w drukarce, nr art. 145502<\/p>","protected":false},"excerpt":{"rendered":"<p>Tabliczka z imieniem mocowana na agrafk\u0119. Standardem dla wizyt\u00f3wek jest format 54x90mm. 10 szt.\/opakowanie<\/p>","protected":false},"featured_media":134640,"template":"","meta":{"_acf_changed":false},"product_brand":[],"product_cat":[4282],"product_tag":[4376],"class_list":{"0":"post-115803","1":"product","2":"type-product","3":"status-publish","4":"has-post-thumbnail","6":"product_cat-namnskyltar-med-nal","7":"product_tag-transparent","8":"product_shipping_class-tunga-paket","9":"pa_brands-durable","10":"pa_farg-transparent","11":"tm-no-options","13":"first","14":"instock","15":"sale","16":"taxable","17":"shipping-taxable","18":"purchasable","19":"product-type-simple"},"acf":[],"_links":{"self":[{"href":"https:\/\/secureus.se\/pl\/wp-json\/wp\/v2\/product\/115803","targetHints":{"allow":["GET"]}}],"collection":[{"href":"https:\/\/secureus.se\/pl\/wp-json\/wp\/v2\/product"}],"about":[{"href":"https:\/\/secureus.se\/pl\/wp-json\/wp\/v2\/types\/product"}],"wp:featuredmedia":[{"embeddable":true,"href":"https:\/\/secureus.se\/pl\/wp-json\/wp\/v2\/media\/134640"}],"wp:attachment":[{"href":"https:\/\/secureus.se\/pl\/wp-json\/wp\/v2\/media?parent=115803"}],"wp:term":[{"taxonomy":"product_brand","embeddable":true,"href":"https:\/\/secureus.se\/pl\/wp-json\/wp\/v2\/product_brand?post=115803"},{"taxonomy":"product_cat","embeddable":true,"href":"https:\/\/secureus.se\/pl\/wp-json\/wp\/v2\/product_cat?post=115803"},{"taxonomy":"product_tag","embeddable":true,"href":"https:\/\/secureus.se\/pl\/wp-json\/wp\/v2\/product_tag?post=115803"}],"curies":[{"name":"wp","href":"https:\/\/api.w.org\/{rel}","templated":true}]}}