{"id":115817,"date":"2024-11-20T14:04:21","date_gmt":"2024-11-20T13:04:21","guid":{"rendered":"https:\/\/secureus.se\/?post_type=product&#038;p=115817"},"modified":"2026-01-12T12:10:57","modified_gmt":"2026-01-12T11:10:57","slug":"forsta-hjalpen-produkter-set-l-din-131572021","status":"publish","type":"product","link":"https:\/\/secureus.se\/pl\/forsta-hjalpen-produkter-set-l-din-131572021\/","title":{"rendered":"Zestaw artyku\u0142\u00f3w pierwszej pomocy L DIN 13157:2021"},"content":{"rendered":"<p>Zbierz \u015brodki pierwszej pomocy, tabletki na b\u00f3l g\u0142owy i tym podobne w jednym miejscu, aby w razie potrzeby by\u0142y \u0142atwo dost\u0119pne. ZESTAW PIERWSZEJ POMOCY L to kompletny asortyment artyku\u0142\u00f3w pierwszej pomocy, m.in. plastry, kompresy, banda\u017ce, ta\u015bmy, r\u0119kawiczki plastikowe, koc ratunkowy (chroni\u0105cy przed wych\u0142odzeniem) zgodny z norm\u0105 DIN 13157 (odpowiedni dla firm administracyjnych i handlowych zatrudniaj\u0105cych do 50 pracownik\u00f3w). , firmy produkcyjne do 20 pracownik\u00f3w lub budowy do 10 pracownik\u00f3w). Nadaje si\u0119 jako wype\u0142nienie lub uzupe\u0142nienie Apteczki PIERWSZEJ POMOCY L.<br \/>\nAkcesoria: Pusta apteczka, nr art. 197323<\/p>","protected":false},"excerpt":{"rendered":"<p>Zestaw 65 artyku\u0142\u00f3w pierwszej pomocy przeznaczonych do stosowania w \u017cyciu zawodowym i towarzyskim.<\/p>","protected":false},"featured_media":133915,"template":"","meta":{"_acf_changed":false},"product_brand":[],"product_cat":[1573],"product_tag":[],"class_list":{"0":"post-115817","1":"product","2":"type-product","3":"status-publish","4":"has-post-thumbnail","6":"product_cat-forsta-hjalpen","7":"product_shipping_class-tunga-paket","8":"pa_brands-durable","9":"tm-no-options","11":"first","12":"instock","13":"sale","14":"taxable","15":"shipping-taxable","16":"purchasable","17":"product-type-simple"},"acf":[],"_links":{"self":[{"href":"https:\/\/secureus.se\/pl\/wp-json\/wp\/v2\/product\/115817","targetHints":{"allow":["GET"]}}],"collection":[{"href":"https:\/\/secureus.se\/pl\/wp-json\/wp\/v2\/product"}],"about":[{"href":"https:\/\/secureus.se\/pl\/wp-json\/wp\/v2\/types\/product"}],"wp:featuredmedia":[{"embeddable":true,"href":"https:\/\/secureus.se\/pl\/wp-json\/wp\/v2\/media\/133915"}],"wp:attachment":[{"href":"https:\/\/secureus.se\/pl\/wp-json\/wp\/v2\/media?parent=115817"}],"wp:term":[{"taxonomy":"product_brand","embeddable":true,"href":"https:\/\/secureus.se\/pl\/wp-json\/wp\/v2\/product_brand?post=115817"},{"taxonomy":"product_cat","embeddable":true,"href":"https:\/\/secureus.se\/pl\/wp-json\/wp\/v2\/product_cat?post=115817"},{"taxonomy":"product_tag","embeddable":true,"href":"https:\/\/secureus.se\/pl\/wp-json\/wp\/v2\/product_tag?post=115817"}],"curies":[{"name":"wp","href":"https:\/\/api.w.org\/{rel}","templated":true}]}}