{"id":115826,"date":"2024-11-20T14:16:43","date_gmt":"2024-11-20T13:16:43","guid":{"rendered":"https:\/\/secureus.se\/?post_type=product&#038;p=115826"},"modified":"2026-01-12T12:00:29","modified_gmt":"2026-01-12T11:00:29","slug":"pabudsdekal-tvatta-handerna-borttagbar","status":"publish","type":"product","link":"https:\/\/secureus.se\/pl\/pabudsdekal-tvatta-handerna-borttagbar\/","title":{"rendered":"Obowi\u0105zkowa naklejka \u201eUmyj r\u0119ce\u201d zdejmowana"},"content":{"rendered":"<p>Dla zwi\u0119kszenia bezpiecze\u0144stwa w miejscach publicznych: naklejki pod\u0142ogowe z obowi\u0105zkowymi lub zabronionymi symbolami, kt\u00f3re pomagaj\u0105 przekaza\u0107 zasady higieny i odleg\u0142o\u015bci. Samoprzylepna, usuwalna, du\u017ca naklejka pod\u0142ogowa \u201eUmyj r\u0119ce\u201d przypomina i wyra\u017anie informuje o konieczno\u015bci mycia r\u0105k. Mocuje si\u0119 do czystych i suchych pod\u0142\u00f3g betonowych. Klasa antypo\u015blizgowo\u015bci R9 zgodnie z norm\u0105 DIN 51130. Znaki spe\u0142niaj\u0105 wymagania normy ISO 7010.<br \/>\nWymiary: \u00d8 430 mm, grubo\u015b\u0107 0,2 mm<\/p>","protected":false},"excerpt":{"rendered":"<p>Samoprzylepny, usuwalny znak nakazu do zastosowania na pod\u0142odze. Wyra\u017anie informuje i przypomina o konieczno\u015bci mycia r\u0105k oraz przyczynia si\u0119 do zwi\u0119kszenia bezpiecze\u0144stwa i \u015bwiadomo\u015bci zagro\u017ce\u0144.<\/p>","protected":false},"featured_media":133832,"template":"","meta":{"_acf_changed":false},"product_brand":[],"product_cat":[4307],"product_tag":[4387],"class_list":{"0":"post-115826","1":"product","2":"type-product","3":"status-publish","4":"has-post-thumbnail","6":"product_cat-sakerhetsmarkning","7":"product_tag-bla","8":"product_shipping_class-tunga-paket","9":"pa_brands-durable","10":"pa_farg-bla","11":"tm-no-options","13":"first","14":"instock","15":"sale","16":"taxable","17":"shipping-taxable","18":"purchasable","19":"product-type-simple"},"acf":[],"_links":{"self":[{"href":"https:\/\/secureus.se\/pl\/wp-json\/wp\/v2\/product\/115826","targetHints":{"allow":["GET"]}}],"collection":[{"href":"https:\/\/secureus.se\/pl\/wp-json\/wp\/v2\/product"}],"about":[{"href":"https:\/\/secureus.se\/pl\/wp-json\/wp\/v2\/types\/product"}],"wp:featuredmedia":[{"embeddable":true,"href":"https:\/\/secureus.se\/pl\/wp-json\/wp\/v2\/media\/133832"}],"wp:attachment":[{"href":"https:\/\/secureus.se\/pl\/wp-json\/wp\/v2\/media?parent=115826"}],"wp:term":[{"taxonomy":"product_brand","embeddable":true,"href":"https:\/\/secureus.se\/pl\/wp-json\/wp\/v2\/product_brand?post=115826"},{"taxonomy":"product_cat","embeddable":true,"href":"https:\/\/secureus.se\/pl\/wp-json\/wp\/v2\/product_cat?post=115826"},{"taxonomy":"product_tag","embeddable":true,"href":"https:\/\/secureus.se\/pl\/wp-json\/wp\/v2\/product_tag?post=115826"}],"curies":[{"name":"wp","href":"https:\/\/api.w.org\/{rel}","templated":true}]}}