{"id":115835,"date":"2024-11-20T14:04:21","date_gmt":"2024-11-20T13:04:21","guid":{"rendered":"https:\/\/secureus.se\/?post_type=product&#038;p=115835"},"modified":"2026-04-09T10:31:30","modified_gmt":"2026-04-09T08:31:30","slug":"forsta-hjalpen-skap-first-aid-box-l-med-innehall-enl-din-131572021","status":"publish","type":"product","link":"https:\/\/secureus.se\/pl\/forsta-hjalpen-skap-first-aid-box-l-med-innehall-enl-din-131572021\/","title":{"rendered":"Apteczka pierwszej pomocy PUDE\u0141KO PIERWSZEJ POMOCY L o zawarto\u015bci wg. DIN 13157:2021"},"content":{"rendered":"<p>Zbierz artyku\u0142y pierwszej pomocy, tabletki przeciwb\u00f3lowe i inne w jednym miejscu, aby by\u0142y \u0142atwo dost\u0119pne w razie potrzeby. Zaprojektowana aluminiowa szafka pierwszej pomocy z 3 obrotowymi przegr\u00f3dkami, kt\u00f3re mo\u017cna w razie potrzeby uzupe\u0142ni\u0107 zawarto\u015bci\u0105. W zestawie znajduj\u0105 si\u0119 \u015bruby i ko\u0142ki do monta\u017cu na \u015bcianie oraz samoprzylepna tabliczka z informacj\u0105 o pierwszej pomocy. Szafka jest zamykana na klucz, a zamek b\u0119benkowy z 2 kluczami. W zestawie znajduje si\u0119 APTECZKA PIERWSZEJ POMOCY L \u2013 kompletna gama artyku\u0142\u00f3w pierwszej pomocy, np. plastry, kompresy, banda\u017ce, ta\u015bma klej\u0105ca, r\u0119kawiczki foliowe, koc ratunkowy (chroni\u0105cy przed wych\u0142odzeniem) zgodnie z norm\u0105 DIN 13157 (odpowiednia dla firm administracyjnych i handlowych zatrudniaj\u0105cych do 50 pracownik\u00f3w, firm produkcyjnych zatrudniaj\u0105cych do 20 pracownik\u00f3w lub plac\u00f3w budowy zatrudniaj\u0105cych do 10 pracownik\u00f3w). Wymiary: 40 x 30 x 12 cm (wys. x szer. x g\u0142.).<\/p>","protected":false},"excerpt":{"rendered":"<p>Aluminiowa apteczka pierwszej pomocy z trzema przegrodami, zawieraj\u0105ca zestaw 65 artyku\u0142\u00f3w pierwszej pomocy.<\/p>","protected":false},"featured_media":133906,"template":"","meta":{"_acf_changed":false},"product_brand":[],"product_cat":[1573],"product_tag":[4382],"class_list":{"0":"post-115835","1":"product","2":"type-product","3":"status-publish","4":"has-post-thumbnail","6":"product_cat-forsta-hjalpen","7":"product_tag-silver","8":"product_shipping_class-tunga-paket","9":"pa_brands-durable","10":"pa_farg-silver","11":"tm-no-options","13":"first","14":"instock","15":"sale","16":"taxable","17":"shipping-taxable","18":"purchasable","19":"product-type-simple"},"acf":[],"_links":{"self":[{"href":"https:\/\/secureus.se\/pl\/wp-json\/wp\/v2\/product\/115835","targetHints":{"allow":["GET"]}}],"collection":[{"href":"https:\/\/secureus.se\/pl\/wp-json\/wp\/v2\/product"}],"about":[{"href":"https:\/\/secureus.se\/pl\/wp-json\/wp\/v2\/types\/product"}],"wp:featuredmedia":[{"embeddable":true,"href":"https:\/\/secureus.se\/pl\/wp-json\/wp\/v2\/media\/133906"}],"wp:attachment":[{"href":"https:\/\/secureus.se\/pl\/wp-json\/wp\/v2\/media?parent=115835"}],"wp:term":[{"taxonomy":"product_brand","embeddable":true,"href":"https:\/\/secureus.se\/pl\/wp-json\/wp\/v2\/product_brand?post=115835"},{"taxonomy":"product_cat","embeddable":true,"href":"https:\/\/secureus.se\/pl\/wp-json\/wp\/v2\/product_cat?post=115835"},{"taxonomy":"product_tag","embeddable":true,"href":"https:\/\/secureus.se\/pl\/wp-json\/wp\/v2\/product_tag?post=115835"}],"curies":[{"name":"wp","href":"https:\/\/api.w.org\/{rel}","templated":true}]}}