{"id":115850,"date":"2024-12-07T15:21:17","date_gmt":"2024-12-07T14:21:17","guid":{"rendered":"https:\/\/secureus.se\/?post_type=product&#038;p=115850"},"modified":"2026-01-12T12:36:56","modified_gmt":"2026-01-12T11:36:56","slug":"sherpa-motion-10-2","status":"publish","type":"product","link":"https:\/\/secureus.se\/pl\/sherpa-motion-10-2\/","title":{"rendered":"SHERPA\u00ae MOTION 10"},"content":{"rendered":"<p>Stoiska informacyjno-prezentacyjne o r\u00f3\u017cnych nazwach; panel, wy\u015bwietlacz, system przegl\u0105du, rejestr skrzyde\u0142, uchwyt PLU, uchwyt na dokumenty, piesek... Niezale\u017cnie od nazwy, ma wiele zastosowa\u0144 w biurach, sklepach, kuchniach, kasach, na wystawach itp. Cz\u0119sto u\u017cywane informacje s\u0105 zapisywane, szybko odnajdywane i \u0142atwo przegl\u0105dane w systemie przegl\u0105du. SHERPA\u00ae MOTION to kompletny stojak na st\u00f3\u0142 z 10 nieodblaskowymi kieszeniami z tworzywa polipropylenowego, kt\u00f3re mo\u017cna skanowa\u0107 na dokumenty w formacie A4. Ocynkowana kulka umo\u017cliwia obr\u00f3t o 360\u00b0, a tak\u017ce ustawienie jej pod k\u0105tem w g\u00f3r\u0119 lub w d\u00f3\u0142, co umo\u017cliwia regulacj\u0119 k\u0105ta odczytu w zakresie od 25\u00b0 do 70\u00b0. W zestawie zdejmowany uchwyt na nag\u0142\u00f3wek 58 mm. Podczas wk\u0142adania i wyjmowania kieszeni dobrze jest delikatnie zagi\u0105\u0107 kiesze\u0144 na \u015brodku wzd\u0142u\u017c d\u0142u\u017cszego boku wewn\u0119trznego, tak aby \u0142atwo by\u0142o wk\u0142ada\u0107 i wyjmowa\u0107 kiesze\u0144 nie uszkadzaj\u0105c kolc\u00f3w w uchwycie. Gumowe n\u00f3\u017cki sprawiaj\u0105, \u017ce stoi stabilnie. 5 lat gwarancji. Warunki gwarancji mo\u017cna znale\u017a\u0107 tutaj: https:\/\/www.durable.se\/sv_SE\/service\/garanti\/garanti-foer-sherpa-vario\/<\/p>","protected":false},"excerpt":{"rendered":"<p>Obrotowy, kompletny stojak sto\u0142owy z 10 przewijanymi panelami, dzi\u0119ki kt\u00f3rym cz\u0119sto u\u017cywane informacje b\u0119d\u0105 szybko i \u0142atwo dost\u0119pne. <\/p>","protected":false},"featured_media":135670,"template":"","meta":{"_acf_changed":false},"product_brand":[],"product_cat":[4298],"product_tag":[4381],"class_list":{"0":"post-115850","1":"product","2":"type-product","3":"status-publish","4":"has-post-thumbnail","6":"product_cat-bladderstall-bord","7":"product_tag-svart","8":"product_shipping_class-tunga-paket","9":"pa_brands-durable","10":"pa_farg-svart","11":"tm-no-options","13":"first","14":"instock","15":"sale","16":"taxable","17":"shipping-taxable","18":"purchasable","19":"product-type-simple"},"acf":[],"_links":{"self":[{"href":"https:\/\/secureus.se\/pl\/wp-json\/wp\/v2\/product\/115850","targetHints":{"allow":["GET"]}}],"collection":[{"href":"https:\/\/secureus.se\/pl\/wp-json\/wp\/v2\/product"}],"about":[{"href":"https:\/\/secureus.se\/pl\/wp-json\/wp\/v2\/types\/product"}],"wp:featuredmedia":[{"embeddable":true,"href":"https:\/\/secureus.se\/pl\/wp-json\/wp\/v2\/media\/135670"}],"wp:attachment":[{"href":"https:\/\/secureus.se\/pl\/wp-json\/wp\/v2\/media?parent=115850"}],"wp:term":[{"taxonomy":"product_brand","embeddable":true,"href":"https:\/\/secureus.se\/pl\/wp-json\/wp\/v2\/product_brand?post=115850"},{"taxonomy":"product_cat","embeddable":true,"href":"https:\/\/secureus.se\/pl\/wp-json\/wp\/v2\/product_cat?post=115850"},{"taxonomy":"product_tag","embeddable":true,"href":"https:\/\/secureus.se\/pl\/wp-json\/wp\/v2\/product_tag?post=115850"}],"curies":[{"name":"wp","href":"https:\/\/api.w.org\/{rel}","templated":true}]}}