{"id":115868,"date":"2025-01-07T11:02:23","date_gmt":"2025-01-07T10:02:23","guid":{"rendered":"https:\/\/secureus.se\/?post_type=product&#038;p=115868"},"modified":"2026-01-12T12:36:50","modified_gmt":"2026-01-12T11:36:50","slug":"bladderstall-function-safe-wall-10","status":"publish","type":"product","link":"https:\/\/secureus.se\/pl\/bladderstall-function-safe-wall-10\/","title":{"rendered":"Stojak na flipcharty FUNKCJA BEZPIECZNA \u015aCIANA 10"},"content":{"rendered":"<p>Stojaki informacyjno-prezentacyjne o wielu r\u00f3\u017cnych nazwach: panel, display, system przegl\u0105dowy, rejestr skrzyd\u0142owy, uchwyt PLU, uchwyt na dokumenty, \u015bci\u0105gawka... Niezale\u017cnie od nazwy, ma on wiele zastosowa\u0144 w magazynach, zak\u0142adach produkcyjnych, przy kasach itp. Cz\u0119sto u\u017cywane informacje s\u0105 przechowywane, szybko odnajdywane i \u0142atwe do przegl\u0105dania w systemie przegl\u0105dowym. FUNCTION SAFE WALL to kompletny metalowy uchwyt \u015bcienny z 10 plastikowymi kieszeniami zamykanymi na suwak z boku i sta\u0142ymi uchwytami na nag\u0142\u00f3wki. Przeznaczony do dokument\u00f3w w formacie A4, kt\u00f3re s\u0105 chronione przed brudem, kurzem i wilgoci\u0105. Podczas wk\u0142adania i wyjmowania kieszeni, dobrym pomys\u0142em jest delikatne zgi\u0119cie kieszeni na \u015brodku wzd\u0142u\u017c wewn\u0119trznego d\u0142u\u017cszego boku, aby mo\u017cna by\u0142o \u0142atwo wk\u0142ada\u0107 i wyjmowa\u0107 kiesze\u0144 bez uszkodzenia kolc\u00f3w w uchwycie.<\/p>","protected":false},"excerpt":{"rendered":"<p>Kompletny metalowy wieszak \u015bcienny z 10 panelami A4 zamykanymi na suwak z boku.<\/p>","protected":false},"featured_media":134829,"template":"","meta":{"_acf_changed":false},"product_brand":[],"product_cat":[4301],"product_tag":[4397],"class_list":{"0":"post-115868","1":"product","2":"type-product","3":"status-publish","4":"has-post-thumbnail","6":"product_cat-tillbehor-till-bladderpanelsystem","7":"product_tag-mix","8":"product_shipping_class-tunga-paket","9":"pa_brands-durable","10":"pa_farg-mix","11":"tm-no-options","13":"first","14":"instock","15":"sale","16":"taxable","17":"shipping-taxable","18":"purchasable","19":"product-type-simple"},"acf":[],"_links":{"self":[{"href":"https:\/\/secureus.se\/pl\/wp-json\/wp\/v2\/product\/115868","targetHints":{"allow":["GET"]}}],"collection":[{"href":"https:\/\/secureus.se\/pl\/wp-json\/wp\/v2\/product"}],"about":[{"href":"https:\/\/secureus.se\/pl\/wp-json\/wp\/v2\/types\/product"}],"wp:featuredmedia":[{"embeddable":true,"href":"https:\/\/secureus.se\/pl\/wp-json\/wp\/v2\/media\/134829"}],"wp:attachment":[{"href":"https:\/\/secureus.se\/pl\/wp-json\/wp\/v2\/media?parent=115868"}],"wp:term":[{"taxonomy":"product_brand","embeddable":true,"href":"https:\/\/secureus.se\/pl\/wp-json\/wp\/v2\/product_brand?post=115868"},{"taxonomy":"product_cat","embeddable":true,"href":"https:\/\/secureus.se\/pl\/wp-json\/wp\/v2\/product_cat?post=115868"},{"taxonomy":"product_tag","embeddable":true,"href":"https:\/\/secureus.se\/pl\/wp-json\/wp\/v2\/product_tag?post=115868"}],"curies":[{"name":"wp","href":"https:\/\/api.w.org\/{rel}","templated":true}]}}