{"id":115869,"date":"2024-11-20T14:13:37","date_gmt":"2024-11-20T13:13:37","guid":{"rendered":"https:\/\/secureus.se\/?post_type=product&#038;p=115869"},"modified":"2026-01-12T12:51:43","modified_gmt":"2026-01-12T11:51:43","slug":"namnskylt-a6-halsband-duo-2","status":"publish","type":"product","link":"https:\/\/secureus.se\/pl\/namnskylt-a6-halsband-duo-2\/","title":{"rendered":"Tabliczka znamionowa A6, naszyjnik duet"},"content":{"rendered":"<p>W przypadku uczestnik\u00f3w konferencji, wydarze\u0144 i inauguracji praktyczne jest posiadanie tabliczki wydarzenia, kt\u00f3ra mo\u017ce s\u0142u\u017cy\u0107 jako tabliczka z nazw\u0105, ale tak\u017ce do umieszczania punkt\u00f3w programu i innych informacji. Jest to polipropylenowa kiesze\u0144 formatu A6 z kieszeni\u0105 na wizyt\u00f3wki z ty\u0142u, w komplecie z tekstylnym ko\u0142nierzem o szeroko\u015bci 2 cm z otworem zabezpieczaj\u0105cym i dwoma karabi\u0144czykami. Podw\u00f3jne karabi\u0144czyki sprawiaj\u0105, \u017ce tabliczka zawsze wisi prosto, dzi\u0119ki czemu uczestnicy widz\u0105 swoje nazwiska. D\u0142ugo\u015b\u0107 naszyjnika \u0142\u0105cznie z haczykami wynosi 100 cm, a sama ta\u015bma tekstylna ma d\u0142ugo\u015b\u0107 88 cm. W zestawie bia\u0142e etykiety w pasku. Etykiety na arkuszach A4 do druku w drukarkach mo\u017cna zam\u00f3wi\u0107 osobno. Skorzystaj z bezp\u0142atnego programu DURAPRINT\u00ae dost\u0119pnego na www.duraprint.se, aby tworzy\u0107 i drukowa\u0107 stylowe etykiety imienne.<br \/>\nAkcesoria:<br \/>\nEtykiety Badgemaker\u00ae na kartkach A4 do druku w drukarce, nr art. 142002<\/p>","protected":false},"excerpt":{"rendered":"<p>Tabliczka znamionowa na wydarzenia z kieszeni\u0105 formatu A6 z miejscem na np. artyku\u0142y programowe. W komplecie tekstylny naszyjnik. <\/p>","protected":false},"featured_media":133777,"template":"","meta":{"_acf_changed":false},"product_brand":[],"product_cat":[4283],"product_tag":[4387],"class_list":{"0":"post-115869","1":"product","2":"type-product","3":"status-publish","4":"has-post-thumbnail","6":"product_cat-namnskyltar-med-nyckelband","7":"product_tag-bla","8":"product_shipping_class-tunga-paket","9":"pa_brands-durable","10":"pa_farg-bla","11":"tm-no-options","13":"first","14":"instock","15":"sale","16":"taxable","17":"shipping-taxable","18":"purchasable","19":"product-type-simple"},"acf":[],"_links":{"self":[{"href":"https:\/\/secureus.se\/pl\/wp-json\/wp\/v2\/product\/115869","targetHints":{"allow":["GET"]}}],"collection":[{"href":"https:\/\/secureus.se\/pl\/wp-json\/wp\/v2\/product"}],"about":[{"href":"https:\/\/secureus.se\/pl\/wp-json\/wp\/v2\/types\/product"}],"wp:featuredmedia":[{"embeddable":true,"href":"https:\/\/secureus.se\/pl\/wp-json\/wp\/v2\/media\/133777"}],"wp:attachment":[{"href":"https:\/\/secureus.se\/pl\/wp-json\/wp\/v2\/media?parent=115869"}],"wp:term":[{"taxonomy":"product_brand","embeddable":true,"href":"https:\/\/secureus.se\/pl\/wp-json\/wp\/v2\/product_brand?post=115869"},{"taxonomy":"product_cat","embeddable":true,"href":"https:\/\/secureus.se\/pl\/wp-json\/wp\/v2\/product_cat?post=115869"},{"taxonomy":"product_tag","embeddable":true,"href":"https:\/\/secureus.se\/pl\/wp-json\/wp\/v2\/product_tag?post=115869"}],"curies":[{"name":"wp","href":"https:\/\/api.w.org\/{rel}","templated":true}]}}