{"id":115879,"date":"2025-01-07T11:02:22","date_gmt":"2025-01-07T10:02:22","guid":{"rendered":"https:\/\/secureus.se\/?post_type=product&#038;p=115879"},"modified":"2026-01-12T12:38:25","modified_gmt":"2026-01-12T11:38:25","slug":"bladderstall-function-table-20","status":"publish","type":"product","link":"https:\/\/secureus.se\/pl\/bladderstall-function-table-20\/","title":{"rendered":"Tablica flipchartowa TABELA FUNKCJI 20"},"content":{"rendered":"<p>Stojaki informacyjno-prezentacyjne o wielu r\u00f3\u017cnych nazwach; panel, wy\u015bwietlacz, system przegl\u0105dowy, rejestr skrzyd\u0142owy, uchwyt PLU, uchwyt na dokumenty, \u015bci\u0105gawka... Niezale\u017cnie od nazwy, ma wiele zastosowa\u0144 w magazynach, w zak\u0142adach produkcyjnych, przy kasach itp. Cz\u0119sto u\u017cywane informacje s\u0105 przechowywane, szybko odnajdywane i \u0142atwe do zobaczenia w systemie przegl\u0105dowym. FUNCTION TABLE 20 to kompletny metalowy stojak sto\u0142owy z 10 skanowalnymi plastikowymi kieszeniami z czerwonymi, \u017c\u00f3\u0142tymi, zielonymi i niebieskimi kraw\u0119dziami oraz sta\u0142ymi uchwytami na nag\u0142\u00f3wki. Do dokument\u00f3w w formacie A4. Podczas wk\u0142adania i wyjmowania kieszeni, dobrym pomys\u0142em jest delikatne zgi\u0119cie kieszeni na \u015brodku wzd\u0142u\u017c wewn\u0119trznego d\u0142u\u017cszego boku, aby \u0142atwo by\u0142o wk\u0142ada\u0107 i wyjmowa\u0107 kiesze\u0144 bez uszkadzania kolc\u00f3w w uchwycie. Gumowe n\u00f3\u017cki zapewniaj\u0105 stabilno\u015b\u0107.<\/p>","protected":false},"excerpt":{"rendered":"<p>Kompletny metalowy stojak na st\u00f3\u0142 z 20 odchylanymi panelami A4, dzi\u0119ki kt\u00f3rym cz\u0119sto u\u017cywane informacje b\u0119d\u0105 szybko i wyra\u017anie pod r\u0119k\u0105.<\/p>","protected":false},"featured_media":135142,"template":"","meta":{"_acf_changed":false},"product_brand":[],"product_cat":[4301],"product_tag":[4397],"class_list":{"0":"post-115879","1":"product","2":"type-product","3":"status-publish","4":"has-post-thumbnail","6":"product_cat-tillbehor-till-bladderpanelsystem","7":"product_tag-mix","8":"product_shipping_class-tunga-paket","9":"pa_brands-durable","10":"pa_farg-mix","11":"tm-no-options","13":"first","14":"instock","15":"sale","16":"taxable","17":"shipping-taxable","18":"purchasable","19":"product-type-simple"},"acf":[],"_links":{"self":[{"href":"https:\/\/secureus.se\/pl\/wp-json\/wp\/v2\/product\/115879","targetHints":{"allow":["GET"]}}],"collection":[{"href":"https:\/\/secureus.se\/pl\/wp-json\/wp\/v2\/product"}],"about":[{"href":"https:\/\/secureus.se\/pl\/wp-json\/wp\/v2\/types\/product"}],"wp:featuredmedia":[{"embeddable":true,"href":"https:\/\/secureus.se\/pl\/wp-json\/wp\/v2\/media\/135142"}],"wp:attachment":[{"href":"https:\/\/secureus.se\/pl\/wp-json\/wp\/v2\/media?parent=115879"}],"wp:term":[{"taxonomy":"product_brand","embeddable":true,"href":"https:\/\/secureus.se\/pl\/wp-json\/wp\/v2\/product_brand?post=115879"},{"taxonomy":"product_cat","embeddable":true,"href":"https:\/\/secureus.se\/pl\/wp-json\/wp\/v2\/product_cat?post=115879"},{"taxonomy":"product_tag","embeddable":true,"href":"https:\/\/secureus.se\/pl\/wp-json\/wp\/v2\/product_tag?post=115879"}],"curies":[{"name":"wp","href":"https:\/\/api.w.org\/{rel}","templated":true}]}}