{"id":115891,"date":"2024-11-05T17:16:03","date_gmt":"2024-11-05T16:16:03","guid":{"rendered":"https:\/\/secureus.se\/?post_type=product&#038;p=115891"},"modified":"2026-01-12T12:29:57","modified_gmt":"2026-01-12T11:29:57","slug":"sladdgomma-cavoline-box-l","status":"publish","type":"product","link":"https:\/\/secureus.se\/pl\/sladdgomma-cavoline-box-l\/","title":{"rendered":"Chowacz kabla CAVOLINE\u00ae BOX L"},"content":{"rendered":"<p>Utrzymuj porz\u0105dek w kablach dzi\u0119ki CAVOLINE\u00ae zar\u00f3wno w biurze, jak i w domu. Zbierz kable, a b\u0119dzie wygl\u0105da\u0107 schludniej i b\u0119dzie \u0142atwiejszy do czyszczenia. <\/p>\n<p>Elegancka skrzynka na kable z ognioodpornego tworzywa sztucznego na kable i gniazda 5-\u017cy\u0142owe<br \/>\n. Gumowane otwory na kable po obu stronach karty. Otwory pe\u0142ni\u0105 tak\u017ce funkcj\u0119 otwor\u00f3w wentylacyjnych. Os\u0142ona z praktycznym wej\u015bciem na kabel do \u0142adowania telefonu kom\u00f3rkowego. Du\u017ce gumowe n\u00f3\u017cki zapewniaj\u0105 stabiln\u0105 pozycj\u0119 t\u0142umika kabla<br \/>\n. Wymiary: 406 x 156 x 139 mm (szer. x wys. x g\u0142.)<\/p>","protected":false},"excerpt":{"rendered":"<p>Wysokiej jako\u015bci skrzynka kablowa wykonana z trudnopalnego tworzywa sztucznego. <\/p>","protected":false},"featured_media":135985,"template":"","meta":{"_acf_changed":false},"product_brand":[],"product_cat":[4287],"product_tag":[4393],"class_list":{"0":"post-115891","1":"product","2":"type-product","3":"status-publish","4":"has-post-thumbnail","6":"product_cat-kabelsamlare","7":"product_tag-gra","8":"product_shipping_class-tunga-paket","9":"pa_brands-durable","10":"pa_farg-gra","11":"tm-no-options","13":"first","14":"instock","15":"sale","16":"taxable","17":"shipping-taxable","18":"purchasable","19":"product-type-simple"},"acf":[],"_links":{"self":[{"href":"https:\/\/secureus.se\/pl\/wp-json\/wp\/v2\/product\/115891","targetHints":{"allow":["GET"]}}],"collection":[{"href":"https:\/\/secureus.se\/pl\/wp-json\/wp\/v2\/product"}],"about":[{"href":"https:\/\/secureus.se\/pl\/wp-json\/wp\/v2\/types\/product"}],"wp:featuredmedia":[{"embeddable":true,"href":"https:\/\/secureus.se\/pl\/wp-json\/wp\/v2\/media\/135985"}],"wp:attachment":[{"href":"https:\/\/secureus.se\/pl\/wp-json\/wp\/v2\/media?parent=115891"}],"wp:term":[{"taxonomy":"product_brand","embeddable":true,"href":"https:\/\/secureus.se\/pl\/wp-json\/wp\/v2\/product_brand?post=115891"},{"taxonomy":"product_cat","embeddable":true,"href":"https:\/\/secureus.se\/pl\/wp-json\/wp\/v2\/product_cat?post=115891"},{"taxonomy":"product_tag","embeddable":true,"href":"https:\/\/secureus.se\/pl\/wp-json\/wp\/v2\/product_tag?post=115891"}],"curies":[{"name":"wp","href":"https:\/\/api.w.org\/{rel}","templated":true}]}}