{"id":115896,"date":"2024-12-07T15:21:10","date_gmt":"2024-12-07T14:21:10","guid":{"rendered":"https:\/\/secureus.se\/?post_type=product&#038;p=115896"},"modified":"2026-01-12T12:38:34","modified_gmt":"2026-01-12T11:38:34","slug":"bladderstall-function-wall-20","status":"publish","type":"product","link":"https:\/\/secureus.se\/pl\/bladderstall-function-wall-20\/","title":{"rendered":"P\u00f3\u0142ka FUNCTION WALL 20"},"content":{"rendered":"<p>Stoiska informacyjno-prezentacyjne o r\u00f3\u017cnych nazwach; panel, wy\u015bwietlacz, system przegl\u0105du, rejestr skrzyde\u0142, uchwyt PLU, uchwyt na dokumenty, piesek... Niezale\u017cnie od nazwy ma wiele zastosowa\u0144 w magazynach, zak\u0142adach produkcyjnych, kasach fiskalnych itp. Cz\u0119sto u\u017cywane informacje s\u0105 zapisywane, szybko odnajdywane i \u0142atwo przegl\u0105dane w systemie przegl\u0105du. FUNCTION WALL 20 to kompletny metalowy uchwyt \u015bcienny z 20 plastikowymi kieszeniami do skanowania z czerwonymi, \u017c\u00f3\u0142tymi, zielonymi i niebieskimi kraw\u0119dziami oraz sta\u0142ymi uchwytami na nadpro\u017ce. Do dokument\u00f3w w formacie A4. Podczas wk\u0142adania i wyjmowania kieszeni dobrze jest delikatnie zagi\u0105\u0107 kiesze\u0144 na \u015brodku wzd\u0142u\u017c d\u0142u\u017cszego boku wewn\u0119trznego, tak aby \u0142atwo by\u0142o wk\u0142ada\u0107 i wyjmowa\u0107 kiesze\u0144 nie uszkadzaj\u0105c kolc\u00f3w w uchwycie.<\/p>","protected":false},"excerpt":{"rendered":"<p>Kompletny metalowy wieszak \u015bcienny z 20 odchylanymi panelami A4, dzi\u0119ki kt\u00f3rym cz\u0119sto u\u017cywane informacje b\u0119d\u0105 szybko i wyra\u017anie pod r\u0119k\u0105. <\/p>","protected":false},"featured_media":135278,"template":"","meta":{"_acf_changed":false},"product_brand":[],"product_cat":[4301],"product_tag":[4397],"class_list":{"0":"post-115896","1":"product","2":"type-product","3":"status-publish","4":"has-post-thumbnail","6":"product_cat-tillbehor-till-bladderpanelsystem","7":"product_tag-mix","8":"product_shipping_class-tunga-paket","9":"pa_brands-durable","10":"pa_farg-mix","11":"tm-no-options","13":"first","14":"instock","15":"sale","16":"taxable","17":"shipping-taxable","18":"purchasable","19":"product-type-simple"},"acf":[],"_links":{"self":[{"href":"https:\/\/secureus.se\/pl\/wp-json\/wp\/v2\/product\/115896","targetHints":{"allow":["GET"]}}],"collection":[{"href":"https:\/\/secureus.se\/pl\/wp-json\/wp\/v2\/product"}],"about":[{"href":"https:\/\/secureus.se\/pl\/wp-json\/wp\/v2\/types\/product"}],"wp:featuredmedia":[{"embeddable":true,"href":"https:\/\/secureus.se\/pl\/wp-json\/wp\/v2\/media\/135278"}],"wp:attachment":[{"href":"https:\/\/secureus.se\/pl\/wp-json\/wp\/v2\/media?parent=115896"}],"wp:term":[{"taxonomy":"product_brand","embeddable":true,"href":"https:\/\/secureus.se\/pl\/wp-json\/wp\/v2\/product_brand?post=115896"},{"taxonomy":"product_cat","embeddable":true,"href":"https:\/\/secureus.se\/pl\/wp-json\/wp\/v2\/product_cat?post=115896"},{"taxonomy":"product_tag","embeddable":true,"href":"https:\/\/secureus.se\/pl\/wp-json\/wp\/v2\/product_tag?post=115896"}],"curies":[{"name":"wp","href":"https:\/\/api.w.org\/{rel}","templated":true}]}}