{"id":115903,"date":"2024-11-05T17:25:33","date_gmt":"2024-11-05T16:25:33","guid":{"rendered":"https:\/\/secureus.se\/?post_type=product&#038;p=115903"},"modified":"2026-01-12T12:35:45","modified_gmt":"2026-01-12T11:35:45","slug":"bladderpanelsystem-sherpa-soho-5","status":"publish","type":"product","link":"https:\/\/secureus.se\/pl\/bladderpanelsystem-sherpa-soho-5\/","title":{"rendered":"System paneli flip SHERPA\u00ae SOHO 5"},"content":{"rendered":"<p>Stoiska informacyjno-prezentacyjne o r\u00f3\u017cnych nazwach; panel, wy\u015bwietlacz, system przegl\u0105du, rejestr skrzyde\u0142, uchwyt PLU, uchwyt na dokumenty, pies lat... Niezale\u017cnie od nazwy, ma wiele zastosowa\u0144 w biurach, sklepach, kuchniach, kasach, na wystawach itp. Cz\u0119sto u\u017cywane informacje s\u0105 przechowywane w systemie przegl\u0105du, s\u0105 przejrzyste i \u0142atwe do znalezienia. SHERPA\u00ae SOHO, czyli ma\u0142e biuro - biuro domowe, to niewielki stojak na biurko z 5 nieodblaskowymi, nadaj\u0105cymi si\u0119 do skanowania kieszeniami z tworzywa polipropylenowego na dokumenty w formacie A4. Podczas wk\u0142adania i wyjmowania kieszeni dobrze jest delikatnie zagi\u0105\u0107 kiesze\u0144 na \u015brodku wzd\u0142u\u017c d\u0142u\u017cszego boku, tak aby \u0142atwo by\u0142o wk\u0142ada\u0107 i wyjmowa\u0107 kiesze\u0144 nie uszkadzaj\u0105c kolc\u00f3w w uchwycie. Gumowe n\u00f3\u017cki sprawiaj\u0105, \u017ce stoi stabilnie. 5 lat gwarancji. Warunki gwarancji mo\u017cna znale\u017a\u0107 tutaj: https:\/\/www.durable.se\/sv_SE\/service\/garanti\/garanti-foer-sherpa-vario\/<br \/>\nAkcesoria: Uchwyt nag\u0142\u00f3wka, numer artyku\u0142u 560919 lub 560319<\/p>","protected":false},"excerpt":{"rendered":"<p>Ma\u0142y, kompletny stojak sto\u0142owy z 5 sk\u0142adanymi panelami A4. Cz\u0119sto u\u017cywane informacje s\u0105 szybko i wyra\u017anie dost\u0119pne. <\/p>","protected":false},"featured_media":135315,"template":"","meta":{"_acf_changed":false},"product_brand":[],"product_cat":[4298],"product_tag":[4381],"class_list":{"0":"post-115903","1":"product","2":"type-product","3":"status-publish","4":"has-post-thumbnail","6":"product_cat-bladderstall-bord","7":"product_tag-svart","8":"product_shipping_class-tunga-paket","9":"pa_brands-durable","10":"pa_farg-svart","11":"tm-no-options","13":"first","14":"instock","15":"sale","16":"taxable","17":"shipping-taxable","18":"purchasable","19":"product-type-simple"},"acf":[],"_links":{"self":[{"href":"https:\/\/secureus.se\/pl\/wp-json\/wp\/v2\/product\/115903","targetHints":{"allow":["GET"]}}],"collection":[{"href":"https:\/\/secureus.se\/pl\/wp-json\/wp\/v2\/product"}],"about":[{"href":"https:\/\/secureus.se\/pl\/wp-json\/wp\/v2\/types\/product"}],"wp:featuredmedia":[{"embeddable":true,"href":"https:\/\/secureus.se\/pl\/wp-json\/wp\/v2\/media\/135315"}],"wp:attachment":[{"href":"https:\/\/secureus.se\/pl\/wp-json\/wp\/v2\/media?parent=115903"}],"wp:term":[{"taxonomy":"product_brand","embeddable":true,"href":"https:\/\/secureus.se\/pl\/wp-json\/wp\/v2\/product_brand?post=115903"},{"taxonomy":"product_cat","embeddable":true,"href":"https:\/\/secureus.se\/pl\/wp-json\/wp\/v2\/product_cat?post=115903"},{"taxonomy":"product_tag","embeddable":true,"href":"https:\/\/secureus.se\/pl\/wp-json\/wp\/v2\/product_tag?post=115903"}],"curies":[{"name":"wp","href":"https:\/\/api.w.org\/{rel}","templated":true}]}}