{"id":115912,"date":"2024-12-07T15:21:12","date_gmt":"2024-12-07T14:21:12","guid":{"rendered":"https:\/\/secureus.se\/?post_type=product&#038;p=115912"},"modified":"2026-01-12T12:39:08","modified_gmt":"2026-01-12T11:39:08","slug":"bladderstall-function-wall-module-5","status":"publish","type":"product","link":"https:\/\/secureus.se\/pl\/bladderstall-function-wall-module-5\/","title":{"rendered":"Rega\u0142 FUNKCJA MODU\u0141 \u015aCIENNY 5"},"content":{"rendered":"<p>Metalowy uchwyt \u015bcienny FUNCTION na 5 paneli A4. Monta\u017c na \u015bcianie, w zestawie \u015bruba i ko\u0142ek. Kieszenie (ramki, panele) zamawiane s\u0105 osobno.<br \/>\nAkcesoria: SHERPA\u00b0PANEL numer artyku\u0142u 5606 w r\u00f3\u017cnych kolorach. Uchwyt nag\u0142\u00f3wka 560919 lub 560319<\/p>","protected":false},"excerpt":{"rendered":"<p>Pusty wieszak \u015bcienny FUNCTION z metalu na 5 paneli w formacie A4.<\/p>","protected":false},"featured_media":135286,"template":"","meta":{"_acf_changed":false},"product_brand":[],"product_cat":[4301],"product_tag":[4393],"class_list":{"0":"post-115912","1":"product","2":"type-product","3":"status-publish","4":"has-post-thumbnail","6":"product_cat-tillbehor-till-bladderpanelsystem","7":"product_tag-gra","8":"product_shipping_class-tunga-paket","9":"pa_brands-durable","10":"pa_farg-gra","11":"tm-no-options","13":"first","14":"instock","15":"sale","16":"taxable","17":"shipping-taxable","18":"purchasable","19":"product-type-simple"},"acf":[],"_links":{"self":[{"href":"https:\/\/secureus.se\/pl\/wp-json\/wp\/v2\/product\/115912","targetHints":{"allow":["GET"]}}],"collection":[{"href":"https:\/\/secureus.se\/pl\/wp-json\/wp\/v2\/product"}],"about":[{"href":"https:\/\/secureus.se\/pl\/wp-json\/wp\/v2\/types\/product"}],"wp:featuredmedia":[{"embeddable":true,"href":"https:\/\/secureus.se\/pl\/wp-json\/wp\/v2\/media\/135286"}],"wp:attachment":[{"href":"https:\/\/secureus.se\/pl\/wp-json\/wp\/v2\/media?parent=115912"}],"wp:term":[{"taxonomy":"product_brand","embeddable":true,"href":"https:\/\/secureus.se\/pl\/wp-json\/wp\/v2\/product_brand?post=115912"},{"taxonomy":"product_cat","embeddable":true,"href":"https:\/\/secureus.se\/pl\/wp-json\/wp\/v2\/product_cat?post=115912"},{"taxonomy":"product_tag","embeddable":true,"href":"https:\/\/secureus.se\/pl\/wp-json\/wp\/v2\/product_tag?post=115912"}],"curies":[{"name":"wp","href":"https:\/\/api.w.org\/{rel}","templated":true}]}}