{"id":115913,"date":"2024-11-20T14:14:11","date_gmt":"2024-11-20T13:14:11","guid":{"rendered":"https:\/\/secureus.se\/?post_type=product&#038;p=115913"},"modified":"2026-01-12T12:47:43","modified_gmt":"2026-01-12T11:47:43","slug":"namnskylt-click-fold-54x90-hangselclips","status":"publish","type":"product","link":"https:\/\/secureus.se\/pl\/namnskylt-click-fold-54x90-hangselclips\/","title":{"rendered":"Tabliczka znamionowa CLICK FOLD 54\u00d790, klips do zawias\u00f3w"},"content":{"rendered":"<p>Uczestnicy konferencji, go\u015bcie firm, pracownicy targ\u00f3w, sklep\u00f3w, osoby wykonuj\u0105ce zawody us\u0142ugowe i sprzedawcy \u2013 list\u0119 mo\u017cna rozszerzy\u0107 tam, gdzie potrzebne s\u0105 identyfikatory w r\u00f3\u017cnych rozmiarach, wzorach i mo\u017cliwo\u015bciach mocowania. Seria Clic Fold wykonana jest z tworzywa polipropylenowego 70% pochodz\u0105cego z recyklingu, sk\u0142adanego za pomoc\u0105 \u201ezamka zatrzaskowego\u201d u\u0142atwiaj\u0105cego wymian\u0119 etykiety, kt\u00f3ra mimo to zawsze pozostaje bezpiecznie na swoim miejscu. Ta tabliczka znamionowa o wymiarach 54x90 mm posiada obrotowy zacisk zawiasowy, co oznacza, \u017ce tabliczka zawsze wisi we w\u0142a\u015bciwej pozycji. W zestawie bia\u0142e etykiety w pasku. Etykiety na arkuszach A4 do druku w drukarkach mo\u017cna zam\u00f3wi\u0107 osobno. Skorzystaj z bezp\u0142atnego programu DURAPRINT\u00ae dost\u0119pnego na www.duraprint.se, aby tworzy\u0107 i drukowa\u0107 stylowe etykiety imienne.<br \/>\nAkcesoria:<br \/>\nEtykiety Badgemaker\u00ae na kartkach A4 do druku w drukarce, nr art. 145502<\/p>","protected":false},"excerpt":{"rendered":"<p>Lekko wypuk\u0142a tabliczka znamionowa z zatrzaskiem i klipsem do zawieszenia. Standardem dla wizyt\u00f3wek jest format 54x90mm. 25 sztuk\/opakowanie<\/p>","protected":false},"featured_media":133753,"template":"","meta":{"_acf_changed":false},"product_brand":[],"product_cat":[4284],"product_tag":[4376],"class_list":{"0":"post-115913","1":"product","2":"type-product","3":"status-publish","4":"has-post-thumbnail","6":"product_cat-namnskyltar-med-clips","7":"product_tag-transparent","8":"product_shipping_class-tunga-paket","9":"pa_brands-durable","10":"pa_farg-transparent","11":"tm-no-options","13":"first","14":"instock","15":"sale","16":"taxable","17":"shipping-taxable","18":"purchasable","19":"product-type-simple"},"acf":[],"_links":{"self":[{"href":"https:\/\/secureus.se\/pl\/wp-json\/wp\/v2\/product\/115913","targetHints":{"allow":["GET"]}}],"collection":[{"href":"https:\/\/secureus.se\/pl\/wp-json\/wp\/v2\/product"}],"about":[{"href":"https:\/\/secureus.se\/pl\/wp-json\/wp\/v2\/types\/product"}],"wp:featuredmedia":[{"embeddable":true,"href":"https:\/\/secureus.se\/pl\/wp-json\/wp\/v2\/media\/133753"}],"wp:attachment":[{"href":"https:\/\/secureus.se\/pl\/wp-json\/wp\/v2\/media?parent=115913"}],"wp:term":[{"taxonomy":"product_brand","embeddable":true,"href":"https:\/\/secureus.se\/pl\/wp-json\/wp\/v2\/product_brand?post=115913"},{"taxonomy":"product_cat","embeddable":true,"href":"https:\/\/secureus.se\/pl\/wp-json\/wp\/v2\/product_cat?post=115913"},{"taxonomy":"product_tag","embeddable":true,"href":"https:\/\/secureus.se\/pl\/wp-json\/wp\/v2\/product_tag?post=115913"}],"curies":[{"name":"wp","href":"https:\/\/api.w.org\/{rel}","templated":true}]}}