{"id":115931,"date":"2024-11-20T14:14:12","date_gmt":"2024-11-20T13:14:12","guid":{"rendered":"https:\/\/secureus.se\/?post_type=product&#038;p=115931"},"modified":"2026-01-12T12:48:15","modified_gmt":"2026-01-12T11:48:15","slug":"namnskylt-konvex-40x75-magnetfaste","status":"publish","type":"product","link":"https:\/\/secureus.se\/pl\/namnskylt-konvex-40x75-magnetfaste\/","title":{"rendered":"Tabliczka znamionowa wypuk\u0142a 40\u00d775, mocowanie magnetyczne"},"content":{"rendered":"<p>Uczestnicy konferencji, go\u015bcie firm, pracownicy targ\u00f3w, sklep\u00f3w, osoby wykonuj\u0105ce zawody us\u0142ugowe i sprzedawcy \u2013 list\u0119 mo\u017cna rozszerzy\u0107 tam, gdzie potrzebne s\u0105 identyfikatory w r\u00f3\u017cnych rozmiarach, wzorach i mo\u017cliwo\u015bciach mocowania. Znak o wymiarach 40x75mm wykonany jest z akrylu i lekko wypuk\u0142y, dzi\u0119ki czemu tekst jest wyj\u0105tkowo \u0142atwy do odczytania. Przyjazne dla tekstyli\u00f3w mocowanie magnetyczne, kt\u00f3re dobrze sprawdza si\u0119 w przypadku delikatnych ubra\u0144. UWAGA! Nie nadaje si\u0119 dla os\u00f3b z rozrusznikiem serca. Uchwyt na kciuk u\u0142atwia wyjmowanie karty. W zestawie bia\u0142e etykiety. Etykiety na arkuszach A4 do druku w drukarkach mo\u017cna zam\u00f3wi\u0107 osobno. Skorzystaj z bezp\u0142atnego programu DURAPRINT\u00ae dost\u0119pnego na www.duraprint.se, aby tworzy\u0107 i drukowa\u0107 stylowe etykiety imienne.<br \/>\nAkcesoria:<br \/>\nEtykiety Badgemaker\u00ae na kartkach A4 do druku w drukarce, nr art. 145302<\/p>","protected":false},"excerpt":{"rendered":"<p>Lekko wypuk\u0142a akrylowa tabliczka znamionowa z mocowaniem magnetycznym. Dyskretny, ale wci\u0105\u017c w pe\u0142ni widoczny rozmiar 40x75mm. 25 sztuk\/opakowanie<\/p>","protected":false},"featured_media":133891,"template":"","meta":{"_acf_changed":false},"product_brand":[],"product_cat":[4286],"product_tag":[4376],"class_list":{"0":"post-115931","1":"product","2":"type-product","3":"status-publish","4":"has-post-thumbnail","6":"product_cat-namnskyltar-med-magnet","7":"product_tag-transparent","8":"product_shipping_class-tunga-paket","9":"pa_brands-durable","10":"pa_farg-transparent","11":"tm-no-options","13":"first","14":"instock","15":"sale","16":"taxable","17":"shipping-taxable","18":"purchasable","19":"product-type-simple"},"acf":[],"_links":{"self":[{"href":"https:\/\/secureus.se\/pl\/wp-json\/wp\/v2\/product\/115931","targetHints":{"allow":["GET"]}}],"collection":[{"href":"https:\/\/secureus.se\/pl\/wp-json\/wp\/v2\/product"}],"about":[{"href":"https:\/\/secureus.se\/pl\/wp-json\/wp\/v2\/types\/product"}],"wp:featuredmedia":[{"embeddable":true,"href":"https:\/\/secureus.se\/pl\/wp-json\/wp\/v2\/media\/133891"}],"wp:attachment":[{"href":"https:\/\/secureus.se\/pl\/wp-json\/wp\/v2\/media?parent=115931"}],"wp:term":[{"taxonomy":"product_brand","embeddable":true,"href":"https:\/\/secureus.se\/pl\/wp-json\/wp\/v2\/product_brand?post=115931"},{"taxonomy":"product_cat","embeddable":true,"href":"https:\/\/secureus.se\/pl\/wp-json\/wp\/v2\/product_cat?post=115931"},{"taxonomy":"product_tag","embeddable":true,"href":"https:\/\/secureus.se\/pl\/wp-json\/wp\/v2\/product_tag?post=115931"}],"curies":[{"name":"wp","href":"https:\/\/api.w.org\/{rel}","templated":true}]}}