{"id":115954,"date":"2024-11-20T14:09:56","date_gmt":"2024-11-20T13:09:56","guid":{"rendered":"https:\/\/secureus.se\/?post_type=product&#038;p=115954"},"modified":"2026-01-12T12:03:06","modified_gmt":"2026-01-12T11:03:06","slug":"golvmarkering-kort-streck","status":"publish","type":"product","link":"https:\/\/secureus.se\/pl\/golvmarkering-kort-streck\/","title":{"rendered":"Oznaczenie pod\u0142ogi \u201eKr\u00f3tka linia\u201d"},"content":{"rendered":"<p>Samoprzylepny symbol do oznaczania pod\u0142\u00f3g w formie \u201e-\u201d do oznaczania lub wyznaczania miejsc na palety w pomieszczeniach zamkni\u0119tych lub innych powierzchni. Mocuje si\u0119 do czystych i suchych pod\u0142\u00f3g betonowych. Trwa\u0142e i trwa\u0142e, posiadaj\u0105ce klas\u0119 antypo\u015blizgowo\u015bci R9 zgodnie z norm\u0105 DIN 51130.<br \/>\nWymiary (szer. x wys. x g\u0142.): 50 mm x 0,7 mm x 150 mm<\/p>","protected":false},"excerpt":{"rendered":"<p>Samoprzylepne oznaczenie pod\u0142ogi w formie \u201e-\u201d do wytyczenia lub oznaczenia obszar\u00f3w specjalnych.<\/p>","protected":false},"featured_media":133783,"template":"","meta":{"_acf_changed":false},"product_brand":[],"product_cat":[4302],"product_tag":[4395],"class_list":{"0":"post-115954","1":"product","2":"type-product","3":"status-publish","4":"has-post-thumbnail","6":"product_cat-markeringar-av-uppstallningsplatser","7":"product_tag-gul","8":"product_shipping_class-tunga-paket","9":"pa_brands-durable","10":"pa_farg-gul","11":"tm-no-options","13":"first","14":"instock","15":"sale","16":"taxable","17":"shipping-taxable","18":"purchasable","19":"product-type-simple"},"acf":[],"_links":{"self":[{"href":"https:\/\/secureus.se\/pl\/wp-json\/wp\/v2\/product\/115954","targetHints":{"allow":["GET"]}}],"collection":[{"href":"https:\/\/secureus.se\/pl\/wp-json\/wp\/v2\/product"}],"about":[{"href":"https:\/\/secureus.se\/pl\/wp-json\/wp\/v2\/types\/product"}],"wp:featuredmedia":[{"embeddable":true,"href":"https:\/\/secureus.se\/pl\/wp-json\/wp\/v2\/media\/133783"}],"wp:attachment":[{"href":"https:\/\/secureus.se\/pl\/wp-json\/wp\/v2\/media?parent=115954"}],"wp:term":[{"taxonomy":"product_brand","embeddable":true,"href":"https:\/\/secureus.se\/pl\/wp-json\/wp\/v2\/product_brand?post=115954"},{"taxonomy":"product_cat","embeddable":true,"href":"https:\/\/secureus.se\/pl\/wp-json\/wp\/v2\/product_cat?post=115954"},{"taxonomy":"product_tag","embeddable":true,"href":"https:\/\/secureus.se\/pl\/wp-json\/wp\/v2\/product_tag?post=115954"}],"curies":[{"name":"wp","href":"https:\/\/api.w.org\/{rel}","templated":true}]}}