{"id":115959,"date":"2024-11-20T14:14:37","date_gmt":"2024-11-20T13:14:37","guid":{"rendered":"https:\/\/secureus.se\/?post_type=product&#038;p=115959"},"modified":"2025-12-31T21:25:29","modified_gmt":"2025-12-31T20:25:29","slug":"namnskylt-set-40x60-nal-a4-etikettark","status":"publish","type":"product","link":"https:\/\/secureus.se\/pl\/namnskylt-set-40x60-nal-a4-etikettark\/","title":{"rendered":"Tabliczka znamionowa ZESTAW 40\u00d760, pin + arkusz etykiet A4"},"content":{"rendered":"<p>Uczestnicy konferencji, go\u015bcie firm, pracownicy targ\u00f3w, sklep\u00f3w, przedstawiciele zawod\u00f3w us\u0142ugowych i sprzedawcy \u2013 list\u0119 mo\u017cna rozszerzy\u0107 tam, gdzie potrzebne s\u0105 identyfikatory w r\u00f3\u017cnych rozmiarach, wzorach i mo\u017cliwo\u015bciach mocowania. Kompletny zestaw z klasyczn\u0105 prost\u0105 tabliczk\u0105 znamionow\u0105 40x75mm z przemy\u015blanymi funkcjami; Ig\u0142a w kszta\u0142cie litery S zapobiega przesuwaniu si\u0119 identyfikatora po przymocowaniu do ubrania, ko\u0144c\u00f3wka ig\u0142y jest zabezpieczona, aby nie k\u0142u\u0142a u\u017cytkownika, a uchwyt kciuka u\u0142atwia wyjmowanie karty. W zestawie znajduj\u0105 si\u0119 3 kartki formatu A4 z bia\u0142ymi etykietami do wydruku w drukarce. Wi\u0119cej etykiet na arkuszach A4 mo\u017cna zam\u00f3wi\u0107 osobno. Skorzystaj z bezp\u0142atnego programu DURAPRINT\u00ae dost\u0119pnego na www.duraprint.se, aby tworzy\u0107 i drukowa\u0107 stylowe etykiety imienne.<br \/>\nAkcesoria:<br \/>\nEtykiety Badgemaker\u00ae na kartkach A4 do druku w drukarce, nr art. 145202<\/p>","protected":false},"excerpt":{"rendered":"<p>Kompletny zestaw arkuszy etykiet A4 do drukowania w drukarce. 20 tabliczek znamionowych 40 x 60 mm z mocowaniem na szpilk\u0119.<\/p>","protected":false},"featured_media":133741,"template":"","meta":{"_acf_changed":false},"product_brand":[],"product_cat":[4275],"product_tag":[],"class_list":{"0":"post-115959","1":"product","2":"type-product","3":"status-publish","4":"has-post-thumbnail","6":"product_cat-namnskyltar-kompletta-set","7":"product_shipping_class-tunga-paket","8":"pa_brands-durable","9":"tm-no-options","11":"first","12":"instock","13":"sale","14":"taxable","15":"shipping-taxable","16":"purchasable","17":"product-type-simple"},"acf":[],"_links":{"self":[{"href":"https:\/\/secureus.se\/pl\/wp-json\/wp\/v2\/product\/115959","targetHints":{"allow":["GET"]}}],"collection":[{"href":"https:\/\/secureus.se\/pl\/wp-json\/wp\/v2\/product"}],"about":[{"href":"https:\/\/secureus.se\/pl\/wp-json\/wp\/v2\/types\/product"}],"wp:featuredmedia":[{"embeddable":true,"href":"https:\/\/secureus.se\/pl\/wp-json\/wp\/v2\/media\/133741"}],"wp:attachment":[{"href":"https:\/\/secureus.se\/pl\/wp-json\/wp\/v2\/media?parent=115959"}],"wp:term":[{"taxonomy":"product_brand","embeddable":true,"href":"https:\/\/secureus.se\/pl\/wp-json\/wp\/v2\/product_brand?post=115959"},{"taxonomy":"product_cat","embeddable":true,"href":"https:\/\/secureus.se\/pl\/wp-json\/wp\/v2\/product_cat?post=115959"},{"taxonomy":"product_tag","embeddable":true,"href":"https:\/\/secureus.se\/pl\/wp-json\/wp\/v2\/product_tag?post=115959"}],"curies":[{"name":"wp","href":"https:\/\/api.w.org\/{rel}","templated":true}]}}