{"id":115977,"date":"2024-11-20T14:09:57","date_gmt":"2024-11-20T13:09:57","guid":{"rendered":"https:\/\/secureus.se\/?post_type=product&#038;p=115977"},"modified":"2026-01-12T12:06:45","modified_gmt":"2026-01-12T11:06:45","slug":"golvdekal-med-fonster-a4-10-st-frp","status":"publish","type":"product","link":"https:\/\/secureus.se\/pl\/golvdekal-med-fonster-a4-10-st-frp\/","title":{"rendered":"Naklejka pod\u0142ogowa z okienkiem A4 10 szt"},"content":{"rendered":"<p>Samoprzylepna, usuwalna naklejka pod\u0142ogowa z przezroczystym okienkiem i \u017c\u00f3\u0142t\u0105 ramk\u0105 na dokumenty w formacie A4. Tymczasowe informacje w sklepach, si\u0142owniach, hotelach i restauracjach. Samoprzylepna ta\u015bma znajduj\u0105ca si\u0119 z ty\u0142u ramy umo\u017cliwia przyklejenie si\u0119 do czystej i suchej posadzki betonowej. Umie\u015b\u0107 wk\u0142adk\u0119 A4 pod przezroczystym okienkiem naklejki pod\u0142ogowej, usu\u0144 paski ochronne z ta\u015bmy samoprzylepnej, przymocuj do pod\u0142ogi, a wk\u0142adka zostanie zabezpieczona mocn\u0105 foli\u0105 z tworzywa sztucznego. Klasa antypo\u015blizgowo\u015bci R9 zgodnie z norm\u0105 DIN 51130.<br \/>\nWymiary zewn\u0119trzne: 401 x 0,4 x 314 mm (szer. x wys. x g\u0142.) Wymiary wewn\u0119trzne: 297 x 210 mm (szer. x wys.)<\/p>","protected":false},"excerpt":{"rendered":"<p>Samoprzylepna, usuwalna naklejka pod\u0142ogowa z przezroczystym okienkiem na dokumenty w formacie A4.<\/p>","protected":false},"featured_media":133709,"template":"","meta":{"_acf_changed":false},"product_brand":[],"product_cat":[4302],"product_tag":[4395],"class_list":{"0":"post-115977","1":"product","2":"type-product","3":"status-publish","4":"has-post-thumbnail","6":"product_cat-markeringar-av-uppstallningsplatser","7":"product_tag-gul","8":"product_shipping_class-tunga-paket","9":"pa_brands-durable","10":"pa_farg-gul","11":"tm-no-options","13":"first","14":"instock","15":"sale","16":"taxable","17":"shipping-taxable","18":"purchasable","19":"product-type-simple"},"acf":[],"_links":{"self":[{"href":"https:\/\/secureus.se\/pl\/wp-json\/wp\/v2\/product\/115977","targetHints":{"allow":["GET"]}}],"collection":[{"href":"https:\/\/secureus.se\/pl\/wp-json\/wp\/v2\/product"}],"about":[{"href":"https:\/\/secureus.se\/pl\/wp-json\/wp\/v2\/types\/product"}],"wp:featuredmedia":[{"embeddable":true,"href":"https:\/\/secureus.se\/pl\/wp-json\/wp\/v2\/media\/133709"}],"wp:attachment":[{"href":"https:\/\/secureus.se\/pl\/wp-json\/wp\/v2\/media?parent=115977"}],"wp:term":[{"taxonomy":"product_brand","embeddable":true,"href":"https:\/\/secureus.se\/pl\/wp-json\/wp\/v2\/product_brand?post=115977"},{"taxonomy":"product_cat","embeddable":true,"href":"https:\/\/secureus.se\/pl\/wp-json\/wp\/v2\/product_cat?post=115977"},{"taxonomy":"product_tag","embeddable":true,"href":"https:\/\/secureus.se\/pl\/wp-json\/wp\/v2\/product_tag?post=115977"}],"curies":[{"name":"wp","href":"https:\/\/api.w.org\/{rel}","templated":true}]}}