{"id":116029,"date":"2024-11-20T14:14:57","date_gmt":"2024-11-20T13:14:57","guid":{"rendered":"https:\/\/secureus.se\/?post_type=product&#038;p=116029"},"modified":"2026-01-12T12:04:00","modified_gmt":"2026-01-12T11:04:00","slug":"pallfotsficka-145-x-75-mm-2","status":"publish","type":"product","link":"https:\/\/secureus.se\/pl\/pallfotsficka-145-x-75-mm-2\/","title":{"rendered":"Kiesze\u0144 na nog\u0119 145 x 75 mm"},"content":{"rendered":"<p>Jasne i kompleksowe oznakowanie palet usprawnia i usprawnia proces pracy w magazynach i zak\u0142adach produkcyjnych. Te plastikowe kieszenie wykonane z wytrzyma\u0142ego polipropylenu mo\u017cna odczyta\u0107 za pomoc\u0105 skanera i chroni\u0105 wymienne wk\u0142adki przed brudem i zu\u017cyciem, u\u0142atwiaj\u0105c jednocze\u015bnie identyfikacj\u0119 palet. Baner umieszczany jest wok\u00f3\u0142 stopy palety i zamykany na rzep. Kieszenie z uchwytami na kciuki po wszystkich czterech stronach u\u0142atwiaj\u0105 wyjmowanie i wymian\u0119 etykiety. Bezp\u0142atny szablon etykiety jest dost\u0119pny na stronie www.duraprint.se<br \/>\nWymiary wewn\u0119trzne: 140 x 65\/90 x 65 (szer. x wys.)<br \/>\nWymiary zewn\u0119trzne: 596 x 75 x 0,8 mm (szer. x wys. x g\u0142.)<br \/>\nAkcesoria: Etykiety na kartkach A4, art. Nr 101002<\/p>","protected":false},"excerpt":{"rendered":"<p>Kiesze\u0144 na nog\u0119 palety do znakowania palet. Zapinana wok\u00f3\u0142 stopy palety za pomoc\u0105 zapi\u0119cia na rzep.<\/p>","protected":false},"featured_media":133589,"template":"","meta":{"_acf_changed":false},"product_brand":[],"product_cat":[4306],"product_tag":[4387],"class_list":{"0":"post-116029","1":"product","2":"type-product","3":"status-publish","4":"has-post-thumbnail","6":"product_cat-markning-pallstall","7":"product_tag-bla","8":"product_shipping_class-tunga-paket","9":"pa_brands-durable","10":"pa_farg-bla","11":"tm-no-options","13":"first","14":"instock","15":"sale","16":"taxable","17":"shipping-taxable","18":"purchasable","19":"product-type-simple"},"acf":[],"_links":{"self":[{"href":"https:\/\/secureus.se\/pl\/wp-json\/wp\/v2\/product\/116029","targetHints":{"allow":["GET"]}}],"collection":[{"href":"https:\/\/secureus.se\/pl\/wp-json\/wp\/v2\/product"}],"about":[{"href":"https:\/\/secureus.se\/pl\/wp-json\/wp\/v2\/types\/product"}],"wp:featuredmedia":[{"embeddable":true,"href":"https:\/\/secureus.se\/pl\/wp-json\/wp\/v2\/media\/133589"}],"wp:attachment":[{"href":"https:\/\/secureus.se\/pl\/wp-json\/wp\/v2\/media?parent=116029"}],"wp:term":[{"taxonomy":"product_brand","embeddable":true,"href":"https:\/\/secureus.se\/pl\/wp-json\/wp\/v2\/product_brand?post=116029"},{"taxonomy":"product_cat","embeddable":true,"href":"https:\/\/secureus.se\/pl\/wp-json\/wp\/v2\/product_cat?post=116029"},{"taxonomy":"product_tag","embeddable":true,"href":"https:\/\/secureus.se\/pl\/wp-json\/wp\/v2\/product_tag?post=116029"}],"curies":[{"name":"wp","href":"https:\/\/api.w.org\/{rel}","templated":true}]}}