{"id":116030,"date":"2024-11-20T14:17:34","date_gmt":"2024-11-20T13:17:34","guid":{"rendered":"https:\/\/secureus.se\/?post_type=product&#038;p=116030"},"modified":"2025-12-31T21:26:25","modified_gmt":"2025-12-31T20:26:25","slug":"sekretessfilter-magnetic-11-6","status":"publish","type":"product","link":"https:\/\/secureus.se\/pl\/sekretessfilter-magnetic-11-6\/","title":{"rendered":"Filtr prywatyzuj\u0105cy MAGNETYCZNY 11,6\u201d"},"content":{"rendered":"<p>Poniewa\u017c cz\u0119sto pracuje si\u0119 w wi\u0119kszej liczbie miejsc ni\u017c biuro \u2013 w poci\u0105gach, samolotach lub w miejscach publicznych, w kt\u00f3rych jest du\u017co ludzi, takich jak kawiarnie, wzrasta r\u00f3wnie\u017c ryzyko, \u017ce nieupowa\u017cnione osoby dostrzeg\u0105 lub zobacz\u0105 informacje, kt\u00f3rymi nie chcemy lub nie powinni\u015bmy si\u0119 dzieli\u0107. Chro\u0144 ekran swojego komputera za pomoc\u0105 filtr\u00f3w prywatno\u015bci przed w\u0142amaniem i ciekawskimi oczami. Usu\u0144 plastikow\u0105 os\u0142on\u0119 z magnes\u00f3w znajduj\u0105cych si\u0119 w prawej i lewej g\u00f3rnej kraw\u0119dzi filtra i przymocuj filtr do komputera. Nast\u0119pnie wystarczy wyj\u0105\u0107 filtr, kt\u00f3ry mocuje si\u0119 magnetycznie do dw\u00f3ch magnes\u00f3w przymocowanych do komputera. Gdy filtr nie jest u\u017cywany, mo\u017cna go przechowywa\u0107 w do\u0142\u0105czonym folderze do przechowywania. Filtr prywatno\u015bci sprawia, \u017ce ekran jest przyciemniony z obu stron pod k\u0105tem 30\u00b0, ale zapewnia u\u017cytkownikowi wyra\u017any obraz z przodu. Patrz\u0105c z boku, filtr przyciemniaj\u0105cy zapobiega podgl\u0105daniu pod k\u0105tem 60\u00b0. Matowe wyko\u0144czenie filtra zmniejsza zm\u0119czenie oczu i redukuje szkodliwe niebieskie \u015bwiat\u0142o. Ekran jest chroniony przed zarysowaniami i kurzem za pomoc\u0105 filtra ekranu i mo\u017ce by\u0107 r\u00f3wnie\u017c u\u017cywany na ekranach dotykowych. W zestawie \u015bciereczka z mikrofibry do czyszczenia ekranu komputera i filtra.<br \/>\nFiltr ten przeznaczony jest do ekran\u00f3w 11,6&quot; o wymiarach 257 x 144,5 mm \/ 10,1&quot; x 5,7&quot; (szer. x wys.). Wymiary filtra prywatno\u015bci wynosz\u0105 257 x 153,5 mm.<\/p>","protected":false},"excerpt":{"rendered":"<p>Filtr prywatno\u015bci z mocowaniem magnetycznym, kt\u00f3ry chroni prywatno\u015b\u0107 ekranu komputera przed niepowo\u0142anymi oczami. Dostarczany w praktycznej kieszeni do przechowywania. Do ekran\u00f3w 11,6\u201d.<\/p>","protected":false},"featured_media":133516,"template":"","meta":{"_acf_changed":false},"product_brand":[],"product_cat":[4241,4242],"product_tag":[4394],"class_list":{"0":"post-116030","1":"product","2":"type-product","3":"status-publish","4":"has-post-thumbnail","6":"product_cat-datortillbehor","7":"product_cat-sekretessfilter","8":"product_tag-antracitgra","9":"product_shipping_class-tunga-paket","10":"pa_brands-durable","11":"pa_farg-antracitgra","12":"tm-no-options","14":"first","15":"instock","16":"sale","17":"taxable","18":"shipping-taxable","19":"purchasable","20":"product-type-simple"},"acf":[],"_links":{"self":[{"href":"https:\/\/secureus.se\/pl\/wp-json\/wp\/v2\/product\/116030","targetHints":{"allow":["GET"]}}],"collection":[{"href":"https:\/\/secureus.se\/pl\/wp-json\/wp\/v2\/product"}],"about":[{"href":"https:\/\/secureus.se\/pl\/wp-json\/wp\/v2\/types\/product"}],"wp:featuredmedia":[{"embeddable":true,"href":"https:\/\/secureus.se\/pl\/wp-json\/wp\/v2\/media\/133516"}],"wp:attachment":[{"href":"https:\/\/secureus.se\/pl\/wp-json\/wp\/v2\/media?parent=116030"}],"wp:term":[{"taxonomy":"product_brand","embeddable":true,"href":"https:\/\/secureus.se\/pl\/wp-json\/wp\/v2\/product_brand?post=116030"},{"taxonomy":"product_cat","embeddable":true,"href":"https:\/\/secureus.se\/pl\/wp-json\/wp\/v2\/product_cat?post=116030"},{"taxonomy":"product_tag","embeddable":true,"href":"https:\/\/secureus.se\/pl\/wp-json\/wp\/v2\/product_tag?post=116030"}],"curies":[{"name":"wp","href":"https:\/\/api.w.org\/{rel}","templated":true}]}}