{"id":116083,"date":"2024-11-20T14:10:22","date_gmt":"2024-11-20T13:10:22","guid":{"rendered":"https:\/\/secureus.se\/?post_type=product&#038;p=116083"},"modified":"2026-01-12T12:00:05","modified_gmt":"2026-01-12T11:00:05","slug":"golvmarkeringstejp-duraline-50-05-5","status":"publish","type":"product","link":"https:\/\/secureus.se\/pl\/golvmarkeringstejp-duraline-50-05-5\/","title":{"rendered":"Ta\u015bma do znakowania pod\u0142\u00f3g DURALINE\u00ae 50\/05"},"content":{"rendered":"<p>Samoprzylepna ta\u015bma znakuj\u0105ca do u\u017cytku wewn\u0119trznego. S\u0142u\u017cy do trwa\u0142ego oznakowania obszar\u00f3w wymagaj\u0105cych uwagi, np. stref ruchu drogowego i obszar\u00f3w o ograniczonym dost\u0119pie. Mocuje si\u0119 do czystych i suchych pod\u0142\u00f3g betonowych. Trwa\u0142e i trwa\u0142e, o klasie antypo\u015blizgowo\u015bci R9 zgodnie z norm\u0105 DIN51130.<br \/>\nWymiary (szer. x d\u0142.): Rolka 30 m, szeroko\u015b\u0107 50 mm, grubo\u015b\u0107 0,5 mm<\/p>","protected":false},"excerpt":{"rendered":"<p>Samoprzylepna, jednokolorowa ta\u015bma do znakowania pod\u0142\u00f3g, s\u0142u\u017c\u0105ca do zapewnienia porz\u0105dku i bezpiecze\u0144stwa w magazynach i przemy\u015ble. Grubo\u015b\u0107 0,5mm.<\/p>","protected":false},"featured_media":133642,"template":"","meta":{"_acf_changed":false},"product_brand":[],"product_cat":[4303],"product_tag":[4395],"class_list":{"0":"post-116083","1":"product","2":"type-product","3":"status-publish","4":"has-post-thumbnail","6":"product_cat-golvtejp","7":"product_tag-gul","8":"product_shipping_class-tunga-paket","9":"pa_brands-durable","10":"pa_farg-gul","11":"tm-no-options","13":"first","14":"instock","15":"sale","16":"taxable","17":"shipping-taxable","18":"purchasable","19":"product-type-simple"},"acf":[],"_links":{"self":[{"href":"https:\/\/secureus.se\/pl\/wp-json\/wp\/v2\/product\/116083","targetHints":{"allow":["GET"]}}],"collection":[{"href":"https:\/\/secureus.se\/pl\/wp-json\/wp\/v2\/product"}],"about":[{"href":"https:\/\/secureus.se\/pl\/wp-json\/wp\/v2\/types\/product"}],"wp:featuredmedia":[{"embeddable":true,"href":"https:\/\/secureus.se\/pl\/wp-json\/wp\/v2\/media\/133642"}],"wp:attachment":[{"href":"https:\/\/secureus.se\/pl\/wp-json\/wp\/v2\/media?parent=116083"}],"wp:term":[{"taxonomy":"product_brand","embeddable":true,"href":"https:\/\/secureus.se\/pl\/wp-json\/wp\/v2\/product_brand?post=116083"},{"taxonomy":"product_cat","embeddable":true,"href":"https:\/\/secureus.se\/pl\/wp-json\/wp\/v2\/product_cat?post=116083"},{"taxonomy":"product_tag","embeddable":true,"href":"https:\/\/secureus.se\/pl\/wp-json\/wp\/v2\/product_tag?post=116083"}],"curies":[{"name":"wp","href":"https:\/\/api.w.org\/{rel}","templated":true}]}}