{"id":116091,"date":"2024-12-07T15:21:16","date_gmt":"2024-12-07T14:21:16","guid":{"rendered":"https:\/\/secureus.se\/?post_type=product&#038;p=116091"},"modified":"2026-01-12T12:36:41","modified_gmt":"2026-01-12T11:36:41","slug":"sherpa-desk-clamp-10","status":"publish","type":"product","link":"https:\/\/secureus.se\/pl\/sherpa-desk-clamp-10\/","title":{"rendered":"ZACISK NA BIURKO SHERPA\u00ae 10"},"content":{"rendered":"<p>Stojak z uchwytem sto\u0142owym do monta\u017cu na kraw\u0119dzi sto\u0142u (maks. odst\u0119p 50 mm). W komplecie z 10 nieodblaskowymi, nadaj\u0105cymi si\u0119 do skanowania kieszeniami z polipropylenu (czarnymi) na dokumenty w formacie A4. Regulowana wysoko\u015b\u0107 do 78 cm. Mo\u017cna go odchyli\u0107 w g\u00f3r\u0119 lub w d\u00f3\u0142, aby dostosowa\u0107 k\u0105t odczytu od 5\u00b0 do 90\u00b0. 5 lat gwarancji. Warunki gwarancji mo\u017cna znale\u017a\u0107 tutaj: https:\/\/www.durable.se\/sv_SE\/service\/garanti\/garanti-foer-sherpa-vario\/<\/p>","protected":false},"excerpt":{"rendered":"<p>Kompletny zestaw ze stojakiem z uchwytem sto\u0142owym i 10 panelami<\/p>","protected":false},"featured_media":135393,"template":"","meta":{"_acf_changed":false},"product_brand":[],"product_cat":[4298],"product_tag":[4381],"class_list":{"0":"post-116091","1":"product","2":"type-product","3":"status-publish","4":"has-post-thumbnail","6":"product_cat-bladderstall-bord","7":"product_tag-svart","8":"product_shipping_class-tunga-paket","9":"pa_brands-durable","10":"pa_farg-svart","11":"tm-no-options","13":"first","14":"instock","15":"sale","16":"taxable","17":"shipping-taxable","18":"purchasable","19":"product-type-simple"},"acf":[],"_links":{"self":[{"href":"https:\/\/secureus.se\/pl\/wp-json\/wp\/v2\/product\/116091","targetHints":{"allow":["GET"]}}],"collection":[{"href":"https:\/\/secureus.se\/pl\/wp-json\/wp\/v2\/product"}],"about":[{"href":"https:\/\/secureus.se\/pl\/wp-json\/wp\/v2\/types\/product"}],"wp:featuredmedia":[{"embeddable":true,"href":"https:\/\/secureus.se\/pl\/wp-json\/wp\/v2\/media\/135393"}],"wp:attachment":[{"href":"https:\/\/secureus.se\/pl\/wp-json\/wp\/v2\/media?parent=116091"}],"wp:term":[{"taxonomy":"product_brand","embeddable":true,"href":"https:\/\/secureus.se\/pl\/wp-json\/wp\/v2\/product_brand?post=116091"},{"taxonomy":"product_cat","embeddable":true,"href":"https:\/\/secureus.se\/pl\/wp-json\/wp\/v2\/product_cat?post=116091"},{"taxonomy":"product_tag","embeddable":true,"href":"https:\/\/secureus.se\/pl\/wp-json\/wp\/v2\/product_tag?post=116091"}],"curies":[{"name":"wp","href":"https:\/\/api.w.org\/{rel}","templated":true}]}}