{"id":116100,"date":"2024-11-20T14:10:38","date_gmt":"2024-11-20T13:10:38","guid":{"rendered":"https:\/\/secureus.se\/?post_type=product&#038;p=116100"},"modified":"2026-01-12T12:00:00","modified_gmt":"2026-01-12T11:00:00","slug":"golvmarkeringstejp-duraline-50-05","status":"publish","type":"product","link":"https:\/\/secureus.se\/pl\/golvmarkeringstejp-duraline-50-05\/","title":{"rendered":"Ta\u015bma do znakowania pod\u0142\u00f3g DURALINE\u00ae 50\/05"},"content":{"rendered":"<p>Samoprzylepna ta\u015bma znakuj\u0105ca do u\u017cytku wewn\u0119trznego. S\u0142u\u017cy do trwa\u0142ego oznakowania miejsc wymagaj\u0105cych uwagi, np. miejsc o ograniczonym dost\u0119pie do za\u0142adunku samochod\u00f3w ci\u0119\u017carowych. Mocuje si\u0119 do czystych i suchych pod\u0142\u00f3g betonowych. Trwa\u0142e i trwa\u0142e, posiadaj\u0105ce klas\u0119 antypo\u015blizgowo\u015bci R9 zgodnie z norm\u0105 DIN51130.<br \/>\nWymiary (szer. x d\u0142.): Rolka 30 m, szeroko\u015b\u0107 50 mm, grubo\u015b\u0107 0,5 mm<\/p>","protected":false},"excerpt":{"rendered":"<p>Samoprzylepna, jednokolorowa ta\u015bma do znakowania pod\u0142\u00f3g, s\u0142u\u017c\u0105ca do zapewnienia porz\u0105dku i bezpiecze\u0144stwa w magazynach i przemy\u015ble. Grubo\u015b\u0107 0,5mm.<\/p>","protected":false},"featured_media":133637,"template":"","meta":{"_acf_changed":false},"product_brand":[],"product_cat":[4303],"product_tag":[4387],"class_list":{"0":"post-116100","1":"product","2":"type-product","3":"status-publish","4":"has-post-thumbnail","6":"product_cat-golvtejp","7":"product_tag-bla","8":"product_shipping_class-tunga-paket","9":"pa_brands-durable","10":"pa_farg-bla","11":"tm-no-options","13":"first","14":"instock","15":"sale","16":"taxable","17":"shipping-taxable","18":"purchasable","19":"product-type-simple"},"acf":[],"_links":{"self":[{"href":"https:\/\/secureus.se\/pl\/wp-json\/wp\/v2\/product\/116100","targetHints":{"allow":["GET"]}}],"collection":[{"href":"https:\/\/secureus.se\/pl\/wp-json\/wp\/v2\/product"}],"about":[{"href":"https:\/\/secureus.se\/pl\/wp-json\/wp\/v2\/types\/product"}],"wp:featuredmedia":[{"embeddable":true,"href":"https:\/\/secureus.se\/pl\/wp-json\/wp\/v2\/media\/133637"}],"wp:attachment":[{"href":"https:\/\/secureus.se\/pl\/wp-json\/wp\/v2\/media?parent=116100"}],"wp:term":[{"taxonomy":"product_brand","embeddable":true,"href":"https:\/\/secureus.se\/pl\/wp-json\/wp\/v2\/product_brand?post=116100"},{"taxonomy":"product_cat","embeddable":true,"href":"https:\/\/secureus.se\/pl\/wp-json\/wp\/v2\/product_cat?post=116100"},{"taxonomy":"product_tag","embeddable":true,"href":"https:\/\/secureus.se\/pl\/wp-json\/wp\/v2\/product_tag?post=116100"}],"curies":[{"name":"wp","href":"https:\/\/api.w.org\/{rel}","templated":true}]}}