{"id":116120,"date":"2024-11-20T14:10:40","date_gmt":"2024-11-20T13:10:40","guid":{"rendered":"https:\/\/secureus.se\/?post_type=product&#038;p=116120"},"modified":"2026-01-12T12:55:56","modified_gmt":"2026-01-12T11:55:56","slug":"golvmarkeringstejp-duraline-50-07","status":"publish","type":"product","link":"https:\/\/secureus.se\/pl\/golvmarkeringstejp-duraline-50-07\/","title":{"rendered":"Ta\u015bma do znakowania pod\u0142\u00f3g DURALINE\u00ae 50\/07"},"content":{"rendered":"<p>Samoprzylepna ta\u015bma znakuj\u0105ca w paski do u\u017cytku wewn\u0119trznego. S\u0142u\u017cy do trwa\u0142ego oznaczania obszar\u00f3w ryzyka wymagaj\u0105cych uwagi, np. stref ruchu i obszar\u00f3w o ograniczonym dost\u0119pie. Mocuje si\u0119 do czystych i suchych pod\u0142\u00f3g betonowych. Stopie\u0144 antypo\u015blizgowo\u015bci R9 zgodnie z norm\u0105 DIN51130. \u017b\u00f3\u0142to-czarna ta\u015bma ostrzegawcza stosowana jest w przypadku r\u00f3\u017cnych rodzaj\u00f3w zagro\u017ce\u0144 i zagro\u017ce\u0144.<br \/>\nWymiary (szer. x d\u0142.): Rolka 30 m, szeroko\u015b\u0107 50 mm, grubo\u015b\u0107 0,7 mm<\/p>","protected":false},"excerpt":{"rendered":"<p>Samoprzylepna ta\u015bma do znakowania pod\u0142\u00f3g w paski w kolorach ostrzegawczych. Zwi\u0119ksza bezpiecze\u0144stwo poprzez wyra\u017ane oznakowanie obszar\u00f3w ryzyka w magazynach i przemy\u015ble.<\/p>","protected":false},"featured_media":133834,"template":"","meta":{"_acf_changed":false},"product_brand":[],"product_cat":[4303],"product_tag":[4386],"class_list":{"0":"post-116120","1":"product","2":"type-product","3":"status-publish","4":"has-post-thumbnail","6":"product_cat-golvtejp","7":"product_tag-gul-svart","8":"product_shipping_class-tunga-paket","9":"pa_brands-durable","10":"pa_farg-gul-svart","11":"tm-no-options","13":"first","14":"instock","15":"sale","16":"taxable","17":"shipping-taxable","18":"purchasable","19":"product-type-simple"},"acf":[],"_links":{"self":[{"href":"https:\/\/secureus.se\/pl\/wp-json\/wp\/v2\/product\/116120","targetHints":{"allow":["GET"]}}],"collection":[{"href":"https:\/\/secureus.se\/pl\/wp-json\/wp\/v2\/product"}],"about":[{"href":"https:\/\/secureus.se\/pl\/wp-json\/wp\/v2\/types\/product"}],"wp:featuredmedia":[{"embeddable":true,"href":"https:\/\/secureus.se\/pl\/wp-json\/wp\/v2\/media\/133834"}],"wp:attachment":[{"href":"https:\/\/secureus.se\/pl\/wp-json\/wp\/v2\/media?parent=116120"}],"wp:term":[{"taxonomy":"product_brand","embeddable":true,"href":"https:\/\/secureus.se\/pl\/wp-json\/wp\/v2\/product_brand?post=116120"},{"taxonomy":"product_cat","embeddable":true,"href":"https:\/\/secureus.se\/pl\/wp-json\/wp\/v2\/product_cat?post=116120"},{"taxonomy":"product_tag","embeddable":true,"href":"https:\/\/secureus.se\/pl\/wp-json\/wp\/v2\/product_tag?post=116120"}],"curies":[{"name":"wp","href":"https:\/\/api.w.org\/{rel}","templated":true}]}}