{"id":116137,"date":"2024-11-20T14:10:40","date_gmt":"2024-11-20T13:10:40","guid":{"rendered":"https:\/\/secureus.se\/?post_type=product&#038;p=116137"},"modified":"2025-09-15T12:52:12","modified_gmt":"2025-09-15T10:52:12","slug":"golvmarkeringstejp-duraline-50-07-3","status":"publish","type":"product","link":"https:\/\/secureus.se\/pl\/golvmarkeringstejp-duraline-50-07-3\/","title":{"rendered":"Ta\u015bma do znakowania pod\u0142\u00f3g DURALINE\u00ae 50\/07"},"content":{"rendered":"<p>Samoprzylepna ta\u015bma znakuj\u0105ca w paski do u\u017cytku wewn\u0119trznego. S\u0142u\u017cy do trwa\u0142ego oznaczania obszar\u00f3w ryzyka wymagaj\u0105cych uwagi, np. stref ruchu drogowego i obszar\u00f3w o ograniczonym dost\u0119pie. Mocuje si\u0119 do czystych i suchych pod\u0142\u00f3g betonowych. Stopie\u0144 antypo\u015blizgowo\u015bci R9 zgodnie z norm\u0105 DIN51130. Ta\u015bma ostrzegawcza czerwono-bia\u0142a stosowana jest przy drogach przeciwpo\u017carowych i innych przedmiotach zwi\u0105zanych z ochron\u0105 przeciwpo\u017carow\u0105.<br \/>\nWymiary (szer. x d\u0142.): Rolka 30 m, szeroko\u015b\u0107 50 mm, grubo\u015b\u0107 0,7 mm<\/p>","protected":false},"excerpt":{"rendered":"<p>Samoprzylepna ta\u015bma do znakowania pod\u0142\u00f3g w paski w kolorach ostrzegawczych. Zwi\u0119ksza bezpiecze\u0144stwo poprzez wyra\u017ane oznakowanie obszar\u00f3w ryzyka w magazynach i przemy\u015ble.<\/p>","protected":false},"featured_media":133829,"template":"","meta":{"_acf_changed":false},"product_brand":[],"product_cat":[4303],"product_tag":[4391],"class_list":{"0":"post-116137","1":"product","2":"type-product","3":"status-publish","4":"has-post-thumbnail","6":"product_cat-golvtejp","7":"product_tag-rod-vit","8":"pa_brands-durable","9":"pa_farg-rod-vit","10":"tm-no-options","12":"first","13":"instock","14":"sale","15":"taxable","16":"shipping-taxable","17":"purchasable","18":"product-type-simple"},"acf":[],"_links":{"self":[{"href":"https:\/\/secureus.se\/pl\/wp-json\/wp\/v2\/product\/116137","targetHints":{"allow":["GET"]}}],"collection":[{"href":"https:\/\/secureus.se\/pl\/wp-json\/wp\/v2\/product"}],"about":[{"href":"https:\/\/secureus.se\/pl\/wp-json\/wp\/v2\/types\/product"}],"wp:featuredmedia":[{"embeddable":true,"href":"https:\/\/secureus.se\/pl\/wp-json\/wp\/v2\/media\/133829"}],"wp:attachment":[{"href":"https:\/\/secureus.se\/pl\/wp-json\/wp\/v2\/media?parent=116137"}],"wp:term":[{"taxonomy":"product_brand","embeddable":true,"href":"https:\/\/secureus.se\/pl\/wp-json\/wp\/v2\/product_brand?post=116137"},{"taxonomy":"product_cat","embeddable":true,"href":"https:\/\/secureus.se\/pl\/wp-json\/wp\/v2\/product_cat?post=116137"},{"taxonomy":"product_tag","embeddable":true,"href":"https:\/\/secureus.se\/pl\/wp-json\/wp\/v2\/product_tag?post=116137"}],"curies":[{"name":"wp","href":"https:\/\/api.w.org\/{rel}","templated":true}]}}