{"id":116138,"date":"2024-11-20T14:16:23","date_gmt":"2024-11-20T13:16:23","guid":{"rendered":"https:\/\/secureus.se\/?post_type=product&#038;p=116138"},"modified":"2026-01-12T12:06:04","modified_gmt":"2026-01-12T11:06:04","slug":"plastficka-a6l-magnetisk-2","status":"publish","type":"product","link":"https:\/\/secureus.se\/pl\/plastficka-a6l-magnetisk-2\/","title":{"rendered":"Kiesze\u0144 plastikowa A6L, magnetyczna"},"content":{"rendered":"<p>Jasne i kompleksowe oznakowanie p\u00f3\u0142ek, szaf, drzwi, palet, kontener\u00f3w i innych przestrzeni usprawnia i usprawnia proces pracy w magazynach i zak\u0142adach produkcyjnych. Magnetyczne plastikowe kieszenie wykonane z wytrzyma\u0142ego polipropylenu mo\u017cna odczyta\u0107 za pomoc\u0105 skanera i chroni\u0105 wymienne wk\u0142adki przed zabrudzeniem. Dwa paski magnetyczne z ty\u0142u utrzymuj\u0105 kiesze\u0144 na miejscu. Bezp\u0142atny szablon etykiety jest dost\u0119pny na stronie www.duraprint.se.<br \/>\nWymiary wewn\u0119trzne: poziomo A6 (148\u00d7105 mm)<br \/>\nWymiary zewn\u0119trzne: 163 x 120 x 2,3 mm<br \/>\nAkcesoria: Etykiety na kartkach A4, art. Nr 485102<\/p>","protected":false},"excerpt":{"rendered":"<p>Plastikowa kiesze\u0144 z dwoma paskami magnetycznymi z ty\u0142u. Do stosowania na powierzchniach metalowych, takich jak p\u00f3\u0142ki do przechowywania, metalowe \u015bciany i metalowe pojemniki.<\/p>","protected":false},"featured_media":133842,"template":"","meta":{"_acf_changed":false},"product_brand":[],"product_cat":[4306],"product_tag":[4395],"class_list":{"0":"post-116138","1":"product","2":"type-product","3":"status-publish","4":"has-post-thumbnail","6":"product_cat-markning-pallstall","7":"product_tag-gul","8":"product_shipping_class-tunga-paket","9":"pa_brands-durable","10":"pa_farg-gul","11":"tm-no-options","13":"first","14":"instock","15":"sale","16":"taxable","17":"shipping-taxable","18":"purchasable","19":"product-type-simple"},"acf":[],"_links":{"self":[{"href":"https:\/\/secureus.se\/pl\/wp-json\/wp\/v2\/product\/116138","targetHints":{"allow":["GET"]}}],"collection":[{"href":"https:\/\/secureus.se\/pl\/wp-json\/wp\/v2\/product"}],"about":[{"href":"https:\/\/secureus.se\/pl\/wp-json\/wp\/v2\/types\/product"}],"wp:featuredmedia":[{"embeddable":true,"href":"https:\/\/secureus.se\/pl\/wp-json\/wp\/v2\/media\/133842"}],"wp:attachment":[{"href":"https:\/\/secureus.se\/pl\/wp-json\/wp\/v2\/media?parent=116138"}],"wp:term":[{"taxonomy":"product_brand","embeddable":true,"href":"https:\/\/secureus.se\/pl\/wp-json\/wp\/v2\/product_brand?post=116138"},{"taxonomy":"product_cat","embeddable":true,"href":"https:\/\/secureus.se\/pl\/wp-json\/wp\/v2\/product_cat?post=116138"},{"taxonomy":"product_tag","embeddable":true,"href":"https:\/\/secureus.se\/pl\/wp-json\/wp\/v2\/product_tag?post=116138"}],"curies":[{"name":"wp","href":"https:\/\/api.w.org\/{rel}","templated":true}]}}