{"id":116155,"date":"2024-11-20T14:10:40","date_gmt":"2024-11-20T13:10:40","guid":{"rendered":"https:\/\/secureus.se\/?post_type=product&#038;p=116155"},"modified":"2025-09-15T12:52:24","modified_gmt":"2025-09-15T10:52:24","slug":"golvmarkeringstejp-duraline50-12-3","status":"publish","type":"product","link":"https:\/\/secureus.se\/pl\/golvmarkeringstejp-duraline50-12-3\/","title":{"rendered":"Ta\u015bma do znakowania pod\u0142\u00f3g DURALINE\u00ae50\/12"},"content":{"rendered":"<p>Samoprzylepna, bardzo mocna ta\u015bma znakuj\u0105ca do u\u017cytku wewn\u0105trz pomieszcze\u0144. S\u0142u\u017cy do trwa\u0142ego oznakowania obszar\u00f3w wymagaj\u0105cych uwagi, np. stref ruchu drogowego i obszar\u00f3w o ograniczonym dost\u0119pie. Mocuje si\u0119 do czystych i suchych pod\u0142\u00f3g betonowych. Trwa\u0142e i trwa\u0142e, o klasie antypo\u015blizgowo\u015bci R10 zgodnie z norm\u0105 DIN51130. Fazowane kraw\u0119dzie.<br \/>\nWymiary (szer. x d\u0142.): Rolka 30 m, szeroko\u015b\u0107 50 mm, grubo\u015b\u0107 1,2 mm<\/p>","protected":false},"excerpt":{"rendered":"<p>Samoprzylepna, jednokolorowa ta\u015bma do znakowania pod\u0142\u00f3g, s\u0142u\u017c\u0105ca do zapewnienia porz\u0105dku i bezpiecze\u0144stwa w magazynach i przemy\u015ble. Grubo\u015b\u0107 1,2mm<\/p>","protected":false},"featured_media":115390,"template":"","meta":{"_acf_changed":false},"product_brand":[],"product_cat":[4303],"product_tag":[],"class_list":{"0":"post-116155","1":"product","2":"type-product","3":"status-publish","4":"has-post-thumbnail","6":"product_cat-golvtejp","7":"pa_brands-durable","8":"pa_farg-rod","9":"tm-no-options","11":"first","12":"instock","13":"sale","14":"taxable","15":"shipping-taxable","16":"purchasable","17":"product-type-simple"},"acf":[],"_links":{"self":[{"href":"https:\/\/secureus.se\/pl\/wp-json\/wp\/v2\/product\/116155","targetHints":{"allow":["GET"]}}],"collection":[{"href":"https:\/\/secureus.se\/pl\/wp-json\/wp\/v2\/product"}],"about":[{"href":"https:\/\/secureus.se\/pl\/wp-json\/wp\/v2\/types\/product"}],"wp:featuredmedia":[{"embeddable":true,"href":"https:\/\/secureus.se\/pl\/wp-json\/wp\/v2\/media\/115390"}],"wp:attachment":[{"href":"https:\/\/secureus.se\/pl\/wp-json\/wp\/v2\/media?parent=116155"}],"wp:term":[{"taxonomy":"product_brand","embeddable":true,"href":"https:\/\/secureus.se\/pl\/wp-json\/wp\/v2\/product_brand?post=116155"},{"taxonomy":"product_cat","embeddable":true,"href":"https:\/\/secureus.se\/pl\/wp-json\/wp\/v2\/product_cat?post=116155"},{"taxonomy":"product_tag","embeddable":true,"href":"https:\/\/secureus.se\/pl\/wp-json\/wp\/v2\/product_tag?post=116155"}],"curies":[{"name":"wp","href":"https:\/\/api.w.org\/{rel}","templated":true}]}}