{"id":116157,"date":"2024-11-05T17:15:23","date_gmt":"2024-11-05T16:15:23","guid":{"rendered":"https:\/\/secureus.se\/?post_type=product&#038;p=116157"},"modified":"2026-01-12T12:55:10","modified_gmt":"2026-01-12T11:55:10","slug":"surfplattehallare-rise","status":"publish","type":"product","link":"https:\/\/secureus.se\/pl\/surfplattehallare-rise\/","title":{"rendered":"Uchwyt na desk\u0119 surfingow\u0105 RISE"},"content":{"rendered":"<p>Praca zdalna, wirtualna nauka i zwi\u0119kszone zu\u017cycie medi\u00f3w spowodowa\u0142y wzrost wykorzystania tablet\u00f3w. Uchwyt na tablet sprawia, \u017ce u\u017cytkowanie staje si\u0119 wygodniejsze i bardziej ergonomiczne, np. w domach opieki w celu utrzymania kontaktu z bliskimi, w domu po recepty, w czasopismach cyfrowych, w mediach spo\u0142eczno\u015bciowych czy na spotkaniach i wycieczkach. Uchwyt na tablet RISE to sk\u0142adany stojak sto\u0142owy wykonany z aluminium pochodz\u0105cego z recyklingu do 40% i pasuje do tablet\u00f3w o przek\u0105tnej do 13 cali i maksymalnej wadze 1 kg. Tablet mo\u017cna umie\u015bci\u0107 w uchwycie w pozycji pionowej lub poziomej. Bezstopniowa regulacja wysoko\u015bci i k\u0105ta czytania. Gumowe podk\u0142adki i kraw\u0119d\u017a blokuj\u0105ca zapobiegaj\u0105 przesuwaniu si\u0119 tabletu. Gumowe podk\u0142adki r\u00f3wnie\u017c pod spodem chroni\u0105 powierzchni\u0119 sto\u0142u przed zarysowaniami i stabilnie stoj\u0105. 100 % nadaje si\u0119 do recyklingu<br \/>\nWymiary po z\u0142o\u017ceniu: wys. 47 x szer. 170 x g\u0142. 155 mm.<br \/>\nP\u0142yta, na kt\u00f3rej spoczywa tablet ma wymiary 170 x 155 mm, blat 170 x 137 mm. Rami\u0119 ma 130 mm.<\/p>","protected":false},"excerpt":{"rendered":"<p>Bezstopniowa regulacja stojaka na tablety lub smartfony. Sk\u0142adany, ale stabilny w u\u017cyciu<\/p>","protected":false},"featured_media":135516,"template":"","meta":{"_acf_changed":false},"product_brand":[],"product_cat":[4236],"product_tag":[4382],"class_list":{"0":"post-116157","1":"product","2":"type-product","3":"status-publish","4":"has-post-thumbnail","6":"product_cat-surfplattehallare","7":"product_tag-silver","8":"product_shipping_class-tunga-paket","9":"pa_brands-durable","10":"pa_farg-silver","11":"tm-no-options","13":"first","14":"instock","15":"sale","16":"taxable","17":"shipping-taxable","18":"purchasable","19":"product-type-simple"},"acf":[],"_links":{"self":[{"href":"https:\/\/secureus.se\/pl\/wp-json\/wp\/v2\/product\/116157","targetHints":{"allow":["GET"]}}],"collection":[{"href":"https:\/\/secureus.se\/pl\/wp-json\/wp\/v2\/product"}],"about":[{"href":"https:\/\/secureus.se\/pl\/wp-json\/wp\/v2\/types\/product"}],"wp:featuredmedia":[{"embeddable":true,"href":"https:\/\/secureus.se\/pl\/wp-json\/wp\/v2\/media\/135516"}],"wp:attachment":[{"href":"https:\/\/secureus.se\/pl\/wp-json\/wp\/v2\/media?parent=116157"}],"wp:term":[{"taxonomy":"product_brand","embeddable":true,"href":"https:\/\/secureus.se\/pl\/wp-json\/wp\/v2\/product_brand?post=116157"},{"taxonomy":"product_cat","embeddable":true,"href":"https:\/\/secureus.se\/pl\/wp-json\/wp\/v2\/product_cat?post=116157"},{"taxonomy":"product_tag","embeddable":true,"href":"https:\/\/secureus.se\/pl\/wp-json\/wp\/v2\/product_tag?post=116157"}],"curies":[{"name":"wp","href":"https:\/\/api.w.org\/{rel}","templated":true}]}}