{"id":116232,"date":"2024-11-05T17:40:11","date_gmt":"2024-11-05T16:40:11","guid":{"rendered":"https:\/\/secureus.se\/?post_type=product&#038;p=116232"},"modified":"2026-01-12T12:53:04","modified_gmt":"2026-01-12T11:53:04","slug":"plastkort-duracard-standard","status":"publish","type":"product","link":"https:\/\/secureus.se\/pl\/plastkort-duracard-standard\/","title":{"rendered":"Karta plastikowa DURACARD STANDARD"},"content":{"rendered":"<p>100 standardowych kart, kt\u00f3re mo\u017cna wykorzysta\u0107 np. jako identyfikatory i karty cz\u0142onkowskie i wydrukowa\u0107 w drukarce kart DURACARD ID 300. Karty maj\u0105 grubo\u015b\u0107 0,76 mm. Wymiary: 53,98\u00d785,60 mm (rozmiar karty kredytowej).<br \/>\nAkcesoria: Etui na paszport i dow\u00f3d osobisty z r\u00f3\u017cnymi akcesoriami. Zestaw magnes\u00f3w 891700<\/p>","protected":false},"excerpt":{"rendered":"<p>100 grubych kart PCV w formacie karty kredytowej 53,98 x 85,60 mm do zadruku w drukarce kart DURACARD ID 300.<\/p>","protected":false},"featured_media":135368,"template":"","meta":{"_acf_changed":false},"product_brand":[],"product_cat":[4347,4235],"product_tag":[4396],"class_list":{"0":"post-116232","1":"product","2":"type-product","3":"status-publish","4":"has-post-thumbnail","6":"product_cat-kortskrivare-tillbehor-duracard","7":"product_cat-plastkort-utan-chip","8":"product_tag-vit","9":"product_shipping_class-tunga-paket","10":"pa_brands-durable","11":"pa_farg-vit","12":"tm-no-options","14":"first","15":"instock","16":"sale","17":"taxable","18":"shipping-taxable","19":"purchasable","20":"product-type-simple"},"acf":[],"_links":{"self":[{"href":"https:\/\/secureus.se\/pl\/wp-json\/wp\/v2\/product\/116232","targetHints":{"allow":["GET"]}}],"collection":[{"href":"https:\/\/secureus.se\/pl\/wp-json\/wp\/v2\/product"}],"about":[{"href":"https:\/\/secureus.se\/pl\/wp-json\/wp\/v2\/types\/product"}],"wp:featuredmedia":[{"embeddable":true,"href":"https:\/\/secureus.se\/pl\/wp-json\/wp\/v2\/media\/135368"}],"wp:attachment":[{"href":"https:\/\/secureus.se\/pl\/wp-json\/wp\/v2\/media?parent=116232"}],"wp:term":[{"taxonomy":"product_brand","embeddable":true,"href":"https:\/\/secureus.se\/pl\/wp-json\/wp\/v2\/product_brand?post=116232"},{"taxonomy":"product_cat","embeddable":true,"href":"https:\/\/secureus.se\/pl\/wp-json\/wp\/v2\/product_cat?post=116232"},{"taxonomy":"product_tag","embeddable":true,"href":"https:\/\/secureus.se\/pl\/wp-json\/wp\/v2\/product_tag?post=116232"}],"curies":[{"name":"wp","href":"https:\/\/api.w.org\/{rel}","templated":true}]}}