{"id":116243,"date":"2024-11-05T17:13:43","date_gmt":"2024-11-05T16:13:43","guid":{"rendered":"https:\/\/secureus.se\/?post_type=product&#038;p=116243"},"modified":"2026-01-12T12:54:06","modified_gmt":"2026-01-12T11:54:06","slug":"tablet-holder-table","status":"publish","type":"product","link":"https:\/\/secureus.se\/pl\/tablet-holder-table\/","title":{"rendered":"STOLIK DO UCHWYTU TABLETU"},"content":{"rendered":"<p>Uchwyt na tablet o stylowym i funkcjonalnym wygl\u0105dzie, przeznaczony do tablet\u00f3w w rozmiarach 7&quot;-13&quot; (160-275 mm). Do wymiany informacji i prezentacji w sklepach, na przyj\u0119ciach, w salonach sprzeda\u017cy i salonach. Stabilny i stabilny stojak sto\u0142owy z mo\u017cliwo\u015bci\u0105 p\u0142ynnego pochylania pod k\u0105tem od 0\u00b0 do 88\u00b0. Uchwyt z gumowanymi powierzchniami, kt\u00f3re chroni\u0105 tablet przed zarysowaniami i uszkodzeniami, mo\u017cna obraca\u0107 o 360\u00b0 z czterema pozycjami zatrzymania co 90\u00b0, do u\u017cytku w formacie pionowym lub poziomym. Tablet mo\u017cna \u0142atwo wk\u0142ada\u0107 i wyjmowa\u0107 z uchwytu, kt\u00f3ry zamykany jest specjalnym kluczem zabezpieczaj\u0105cym przed kradzie\u017c\u0105. Dodatkowo ca\u0142y stojak sto\u0142owy mo\u017cna zablokowa\u0107 zewn\u0119trzn\u0105 blokad\u0105 kablow\u0105 \u201eMinisaver mobile lock\u201d firmy Kensington. Kabel \u0142aduj\u0105cy pod\u0142\u0105cza si\u0119 przez otw\u00f3r w uchwycie.<br \/>\nMaksymalna waga tabletu 1 kg.<br \/>\nMateria\u0142y: blacha, aluminium, tworzywo ABS<br \/>\nWymiary: 155 x 242 x 183 mm (szer. x wys. x g\u0142.)<\/p>","protected":false},"excerpt":{"rendered":"<p>Uchwyt na tablet. Stojak sto\u0142owy do prezentacji i informacji w sklepach, recepcjach, salonach sprzeda\u017cy i salonach.<\/p>","protected":false},"featured_media":136538,"template":"","meta":{"_acf_changed":false},"product_brand":[],"product_cat":[4236],"product_tag":[4382],"class_list":{"0":"post-116243","1":"product","2":"type-product","3":"status-publish","4":"has-post-thumbnail","6":"product_cat-surfplattehallare","7":"product_tag-silver","8":"product_shipping_class-tunga-paket","9":"pa_brands-durable","10":"pa_farg-silver","11":"tm-no-options","13":"first","14":"instock","15":"sale","16":"taxable","17":"shipping-taxable","18":"purchasable","19":"product-type-simple"},"acf":[],"_links":{"self":[{"href":"https:\/\/secureus.se\/pl\/wp-json\/wp\/v2\/product\/116243","targetHints":{"allow":["GET"]}}],"collection":[{"href":"https:\/\/secureus.se\/pl\/wp-json\/wp\/v2\/product"}],"about":[{"href":"https:\/\/secureus.se\/pl\/wp-json\/wp\/v2\/types\/product"}],"wp:featuredmedia":[{"embeddable":true,"href":"https:\/\/secureus.se\/pl\/wp-json\/wp\/v2\/media\/136538"}],"wp:attachment":[{"href":"https:\/\/secureus.se\/pl\/wp-json\/wp\/v2\/media?parent=116243"}],"wp:term":[{"taxonomy":"product_brand","embeddable":true,"href":"https:\/\/secureus.se\/pl\/wp-json\/wp\/v2\/product_brand?post=116243"},{"taxonomy":"product_cat","embeddable":true,"href":"https:\/\/secureus.se\/pl\/wp-json\/wp\/v2\/product_cat?post=116243"},{"taxonomy":"product_tag","embeddable":true,"href":"https:\/\/secureus.se\/pl\/wp-json\/wp\/v2\/product_tag?post=116243"}],"curies":[{"name":"wp","href":"https:\/\/api.w.org\/{rel}","templated":true}]}}