{"id":116265,"date":"2024-11-05T17:23:11","date_gmt":"2024-11-05T16:23:11","guid":{"rendered":"https:\/\/secureus.se\/?post_type=product&#038;p=116265"},"modified":"2026-01-12T12:47:00","modified_gmt":"2026-01-12T11:47:00","slug":"sjalvhaftande-ficka-pocketfix-150x58-10-st","status":"publish","type":"product","link":"https:\/\/secureus.se\/pl\/sjalvhaftande-ficka-pocketfix-150x58-10-st\/","title":{"rendered":"Kieszonka samoprzylepna POCKETFIX\u00ae 150\u00d758 10 szt"},"content":{"rendered":"<p>Segregatory etykietowe, teczki, pude\u0142ka, skrzynki na listy z etykietami wk\u0142adanymi do samoprzylepnej kieszeni POCKETFIX\u00ae. Przezroczysta kiesze\u0144 wykonana jest z tworzywa polipropylenowego. Ta d\u0142uga, w\u0105ska kiesze\u0144 ma otw\u00f3r wzd\u0142u\u017c jednej strony karty i uchwyt na kciuk u\u0142atwiaj\u0105cy wyjmowanie karty. W zestawie bia\u0142e etykiety na arkuszach, kt\u00f3re mo\u017cna wydrukowa\u0107 w drukarce. W darmowym programie DURAPRINT\u00ae dost\u0119pny jest szablon do stworzenia etykiety. Wymiary wewn\u0119trzne: 150\u00d758. Wymiary zewn\u0119trzne: 154\u00d762 mm (szer. x wys.). Torba z 10 kieszeniami.<\/p>","protected":false},"excerpt":{"rendered":"<p>Samoprzylepna kiesze\u0144 z otworem na jednym kr\u00f3tkim boku. Do etykiet w formacie 150\u00d758.<\/p>","protected":false},"featured_media":135354,"template":"","meta":{"_acf_changed":false},"product_brand":[],"product_cat":[4252],"product_tag":[4376],"class_list":{"0":"post-116265","1":"product","2":"type-product","3":"status-publish","4":"has-post-thumbnail","6":"product_cat-sjalvhaftande-fickor","7":"product_tag-transparent","8":"product_shipping_class-tunga-paket","9":"pa_brands-durable","10":"pa_farg-transparent","11":"tm-no-options","13":"first","14":"instock","15":"sale","16":"taxable","17":"shipping-taxable","18":"purchasable","19":"product-type-simple"},"acf":[],"_links":{"self":[{"href":"https:\/\/secureus.se\/pl\/wp-json\/wp\/v2\/product\/116265","targetHints":{"allow":["GET"]}}],"collection":[{"href":"https:\/\/secureus.se\/pl\/wp-json\/wp\/v2\/product"}],"about":[{"href":"https:\/\/secureus.se\/pl\/wp-json\/wp\/v2\/types\/product"}],"wp:featuredmedia":[{"embeddable":true,"href":"https:\/\/secureus.se\/pl\/wp-json\/wp\/v2\/media\/135354"}],"wp:attachment":[{"href":"https:\/\/secureus.se\/pl\/wp-json\/wp\/v2\/media?parent=116265"}],"wp:term":[{"taxonomy":"product_brand","embeddable":true,"href":"https:\/\/secureus.se\/pl\/wp-json\/wp\/v2\/product_brand?post=116265"},{"taxonomy":"product_cat","embeddable":true,"href":"https:\/\/secureus.se\/pl\/wp-json\/wp\/v2\/product_cat?post=116265"},{"taxonomy":"product_tag","embeddable":true,"href":"https:\/\/secureus.se\/pl\/wp-json\/wp\/v2\/product_tag?post=116265"}],"curies":[{"name":"wp","href":"https:\/\/api.w.org\/{rel}","templated":true}]}}