{"id":116275,"date":"2024-11-05T17:13:11","date_gmt":"2024-11-05T16:13:11","guid":{"rendered":"https:\/\/secureus.se\/?post_type=product&#038;p=116275"},"modified":"2026-01-12T12:54:32","modified_gmt":"2026-01-12T11:54:32","slug":"tablet-holder-wall-arm","status":"publish","type":"product","link":"https:\/\/secureus.se\/pl\/tablet-holder-wall-arm\/","title":{"rendered":"RAMI\u0118 UCHWYTU NA TABLET"},"content":{"rendered":"<p>Uchwyt \u015bcienny do tabletu z przegubowym ramieniem o stylowym i funkcjonalnym wygl\u0105dzie, do tablet\u00f3w w rozmiarach 7\u2033-13\u2033 (160-275 mm). Do informacji i ujawnie\u0144 na targach, w pomieszczeniach sprzeda\u017cowych i wystawowych oraz w innych miejscach. Blisko \u015bciany i \u0142atwy monta\u017c. Uchwyt z gumowanymi powierzchniami, kt\u00f3re chroni\u0105 tablet przed zarysowaniami i uszkodzeniami, mo\u017cna obraca\u0107 o 360\u00b0 z czterema pozycjami zatrzymania co 90\u00b0, do u\u017cytku w formacie pionowym lub poziomym. Bardzo \u0142atwo dostosowa\u0107 go do swoich potrzeb dzi\u0119ki temu, \u017ce mo\u017cna go bezstopniowo odchyla\u0107 w g\u00f3r\u0119 i w d\u00f3\u0142 od -6\u00b0 do + 46\u00b0 oraz obraca\u0107 o 170\u00b0 w prawo i w lewo. Tablet mo\u017cna \u0142atwo wk\u0142ada\u0107 i wyjmowa\u0107 z uchwytu, kt\u00f3ry zamykany jest specjalnym kluczem zabezpieczaj\u0105cym przed kradzie\u017c\u0105. Kabel \u0142aduj\u0105cy pod\u0142\u0105cza si\u0119 przez otw\u00f3r w uchwycie. Rami\u0119 mo\u017cna obraca\u0107 w bok o 180\u00b0 i wysuwa\u0107 do 365 mm. \u0141atwy w monta\u017cu, mocny i bezpieczny uchwyt \u015bcienny ze \u015brub\u0105 i wtyczk\u0105.<br \/>\nMaksymalna waga tabletu 1 kg.<br \/>\nMateria\u0142y: blacha, aluminium, tworzywo ABS<br \/>\nWymiary: 95 x 225 x 170 mm (szer. x wys. x g\u0142.)<\/p>","protected":false},"excerpt":{"rendered":"<p>Uchwyt na tablet. Uchwyt \u015bcienny z przegubowym ramieniem obrotowym dla jednego lub wi\u0119kszej liczby u\u017cytkownik\u00f3w. <\/p>","protected":false},"featured_media":135764,"template":"","meta":{"_acf_changed":false},"product_brand":[],"product_cat":[4236],"product_tag":[4382],"class_list":{"0":"post-116275","1":"product","2":"type-product","3":"status-publish","4":"has-post-thumbnail","6":"product_cat-surfplattehallare","7":"product_tag-silver","8":"product_shipping_class-tunga-paket","9":"pa_brands-durable","10":"pa_farg-silver","11":"tm-no-options","13":"first","14":"instock","15":"sale","16":"taxable","17":"shipping-taxable","18":"purchasable","19":"product-type-simple"},"acf":[],"_links":{"self":[{"href":"https:\/\/secureus.se\/pl\/wp-json\/wp\/v2\/product\/116275","targetHints":{"allow":["GET"]}}],"collection":[{"href":"https:\/\/secureus.se\/pl\/wp-json\/wp\/v2\/product"}],"about":[{"href":"https:\/\/secureus.se\/pl\/wp-json\/wp\/v2\/types\/product"}],"wp:featuredmedia":[{"embeddable":true,"href":"https:\/\/secureus.se\/pl\/wp-json\/wp\/v2\/media\/135764"}],"wp:attachment":[{"href":"https:\/\/secureus.se\/pl\/wp-json\/wp\/v2\/media?parent=116275"}],"wp:term":[{"taxonomy":"product_brand","embeddable":true,"href":"https:\/\/secureus.se\/pl\/wp-json\/wp\/v2\/product_brand?post=116275"},{"taxonomy":"product_cat","embeddable":true,"href":"https:\/\/secureus.se\/pl\/wp-json\/wp\/v2\/product_cat?post=116275"},{"taxonomy":"product_tag","embeddable":true,"href":"https:\/\/secureus.se\/pl\/wp-json\/wp\/v2\/product_tag?post=116275"}],"curies":[{"name":"wp","href":"https:\/\/api.w.org\/{rel}","templated":true}]}}