{"id":116280,"date":"2024-11-05T17:04:58","date_gmt":"2024-11-05T16:04:58","guid":{"rendered":"https:\/\/secureus.se\/?post_type=product&#038;p=116280"},"modified":"2026-01-12T12:37:28","modified_gmt":"2026-01-12T11:37:28","slug":"vario-magnet-wall-10","status":"publish","type":"product","link":"https:\/\/secureus.se\/pl\/vario-magnet-wall-10\/","title":{"rendered":"\u015aCIANA MAGNETYCZNA VARIO\u00ae 10"},"content":{"rendered":"<p>Stoiska informacyjno-prezentacyjne o r\u00f3\u017cnych nazwach; panel, wy\u015bwietlacz, system przegl\u0105du, rejestr skrzyde\u0142, uchwyt PLU, uchwyt na dokumenty, piesek... Niezale\u017cnie od nazwy ma wiele zastosowa\u0144 w magazynach, sklepach, na wystawach itp. Cz\u0119sto u\u017cywane informacje s\u0105 zapisywane, szybko odnajdywane i \u0142atwo przegl\u0105dane w systemie przegl\u0105du. VARIO\u00ae MAGNET WALL to kompletny wieszak \u015bcienny z 10 nieodblaskowymi kieszeniami z tworzywa polipropylenowego, kt\u00f3re mo\u017cna skanowa\u0107 (czarne) na dokumenty w formacie A4. Silny magnes z ty\u0142u do umieszczenia np. na metalowych p\u00f3\u0142kach, rega\u0142ach paletowych lub maszynach. Podczas wk\u0142adania i wyjmowania kieszeni dobrze jest delikatnie zagi\u0105\u0107 kiesze\u0144 na \u015brodku wzd\u0142u\u017c d\u0142u\u017cszego boku wewn\u0119trznego, tak aby \u0142atwo by\u0142o wk\u0142ada\u0107 i wyjmowa\u0107 kiesze\u0144 nie uszkadzaj\u0105c kolc\u00f3w w uchwycie. 5 lat gwarancji. Warunki gwarancji mo\u017cna znale\u017a\u0107 tutaj: https:\/\/www.durable.se\/sv_SE\/service\/garanti\/garanti-foer-sherpa-vario\/<\/p>","protected":false},"excerpt":{"rendered":"<p>Kompletny wieszak \u015bcienny wykonany z metalu z silnym magnesem z ty\u0142u i 10 odwracanymi panelami A4.<\/p>","protected":false},"featured_media":136247,"template":"","meta":{"_acf_changed":false},"product_brand":[],"product_cat":[4298],"product_tag":[4381],"class_list":{"0":"post-116280","1":"product","2":"type-product","3":"status-publish","4":"has-post-thumbnail","6":"product_cat-bladderstall-bord","7":"product_tag-svart","8":"product_shipping_class-tunga-paket","9":"pa_brands-durable","10":"pa_farg-svart","11":"tm-no-options","13":"first","14":"instock","15":"sale","16":"taxable","17":"shipping-taxable","18":"purchasable","19":"product-type-simple"},"acf":[],"_links":{"self":[{"href":"https:\/\/secureus.se\/pl\/wp-json\/wp\/v2\/product\/116280","targetHints":{"allow":["GET"]}}],"collection":[{"href":"https:\/\/secureus.se\/pl\/wp-json\/wp\/v2\/product"}],"about":[{"href":"https:\/\/secureus.se\/pl\/wp-json\/wp\/v2\/types\/product"}],"wp:featuredmedia":[{"embeddable":true,"href":"https:\/\/secureus.se\/pl\/wp-json\/wp\/v2\/media\/136247"}],"wp:attachment":[{"href":"https:\/\/secureus.se\/pl\/wp-json\/wp\/v2\/media?parent=116280"}],"wp:term":[{"taxonomy":"product_brand","embeddable":true,"href":"https:\/\/secureus.se\/pl\/wp-json\/wp\/v2\/product_brand?post=116280"},{"taxonomy":"product_cat","embeddable":true,"href":"https:\/\/secureus.se\/pl\/wp-json\/wp\/v2\/product_cat?post=116280"},{"taxonomy":"product_tag","embeddable":true,"href":"https:\/\/secureus.se\/pl\/wp-json\/wp\/v2\/product_tag?post=116280"}],"curies":[{"name":"wp","href":"https:\/\/api.w.org\/{rel}","templated":true}]}}