{"id":116324,"date":"2024-11-20T14:00:49","date_gmt":"2024-11-20T13:00:49","guid":{"rendered":"https:\/\/secureus.se\/?post_type=product&#038;p=116324"},"modified":"2026-01-12T12:26:18","modified_gmt":"2026-01-12T11:26:18","slug":"etiketter-210x297-a4-refill","status":"publish","type":"product","link":"https:\/\/secureus.se\/pl\/etiketter-210x297-a4-refill\/","title":{"rendered":"Uzupe\u0142nienie etykiet 210\u00d7297 (A4)."},"content":{"rendered":"<p>Bia\u0142e arkusze formatu A4 o gramaturze 160 gr pasuj\u0105ce do znak\u00f3w INFO SIGN 4806, 4807 i CLICK SIGN 4867 w formacie A4 Zaprojektuj znak za pomoc\u0105 bezp\u0142atnego programu DURAPRINT\u00ae dost\u0119pnego na stronie www.duraprint.se i wydrukuj za pomoc\u0105 drukarki laserowej. Opakowanie zawiera 10 arkuszy z 1 wk\u0142adk\u0105\/arkuszem znaku. Arkusze s\u0105 perforowane i \u0142atwo je rozerwa\u0107. <\/p>","protected":false},"excerpt":{"rendered":"<p>10 bia\u0142ych wk\u0142adek do tabliczek INFO SIGN 4806, 4807 i CLICK SIGN 4867 w formacie A4 (210x297mm).<\/p>","protected":false},"featured_media":134927,"template":"","meta":{"_acf_changed":false},"product_brand":[],"product_cat":[4265,4263],"product_tag":[4396],"class_list":{"0":"post-116324","1":"product","2":"type-product","3":"status-publish","4":"has-post-thumbnail","6":"product_cat-dorrskyltar-i-alumunium","7":"product_cat-dorrskyltar-i-plast","8":"product_tag-vit","9":"product_shipping_class-tunga-paket","10":"pa_brands-durable","11":"pa_farg-vit","12":"tm-no-options","14":"first","15":"instock","16":"sale","17":"taxable","18":"shipping-taxable","19":"purchasable","20":"product-type-simple"},"acf":[],"_links":{"self":[{"href":"https:\/\/secureus.se\/pl\/wp-json\/wp\/v2\/product\/116324","targetHints":{"allow":["GET"]}}],"collection":[{"href":"https:\/\/secureus.se\/pl\/wp-json\/wp\/v2\/product"}],"about":[{"href":"https:\/\/secureus.se\/pl\/wp-json\/wp\/v2\/types\/product"}],"wp:featuredmedia":[{"embeddable":true,"href":"https:\/\/secureus.se\/pl\/wp-json\/wp\/v2\/media\/134927"}],"wp:attachment":[{"href":"https:\/\/secureus.se\/pl\/wp-json\/wp\/v2\/media?parent=116324"}],"wp:term":[{"taxonomy":"product_brand","embeddable":true,"href":"https:\/\/secureus.se\/pl\/wp-json\/wp\/v2\/product_brand?post=116324"},{"taxonomy":"product_cat","embeddable":true,"href":"https:\/\/secureus.se\/pl\/wp-json\/wp\/v2\/product_cat?post=116324"},{"taxonomy":"product_tag","embeddable":true,"href":"https:\/\/secureus.se\/pl\/wp-json\/wp\/v2\/product_tag?post=116324"}],"curies":[{"name":"wp","href":"https:\/\/api.w.org\/{rel}","templated":true}]}}