{"id":116387,"date":"2024-11-05T17:01:17","date_gmt":"2024-11-05T16:01:17","guid":{"rendered":"https:\/\/secureus.se\/?post_type=product&#038;p=116387"},"modified":"2025-12-31T21:22:49","modified_gmt":"2025-12-31T20:22:49","slug":"varseldekal-stop-borttagbar","status":"publish","type":"product","link":"https:\/\/secureus.se\/pl\/varseldekal-stop-borttagbar\/","title":{"rendered":"Naklejka ostrzegawcza \u201eSTOP\u201d zdejmowana"},"content":{"rendered":"<p>Dla zwi\u0119kszenia bezpiecze\u0144stwa w miejscach publicznych: naklejki pod\u0142ogowe z obowi\u0105zkowymi lub zabronionymi symbolami, kt\u00f3re pomagaj\u0105 przekaza\u0107 zasady higieny i odleg\u0142o\u015bci. Samoprzylepna, usuwalna, du\u017ca naklejka pod\u0142ogowa \u201eSTOP\u201d wyra\u017anie informuje o zakazie poruszania si\u0119 po terenie (np. sklepy, si\u0142ownie, hotele, restauracje). Mocuje si\u0119 do czystych i suchych pod\u0142\u00f3g betonowych. Klasa antypo\u015blizgowo\u015bci R9 zgodnie z norm\u0105 DIN 51130. Znaki spe\u0142niaj\u0105 wymagania normy ISO 7010.<br \/>\nWymiary: \u00d8 430 mm, grubo\u015b\u0107 0,2 mm<\/p>","protected":false},"excerpt":{"rendered":"<p>Samoprzylepny, usuwalny znak zakazu do zastosowania na pod\u0142odze. Wyra\u017anie informuje o tym tutaj, ale nie wi\u0119cej.<\/p>","protected":false},"featured_media":136034,"template":"","meta":{"_acf_changed":false},"product_brand":[],"product_cat":[4307],"product_tag":[4389],"class_list":{"0":"post-116387","1":"product","2":"type-product","3":"status-publish","4":"has-post-thumbnail","6":"product_cat-sakerhetsmarkning","7":"product_tag-rod","8":"product_shipping_class-tunga-paket","9":"pa_brands-durable","10":"pa_farg-rod","11":"tm-no-options","13":"first","14":"instock","15":"sale","16":"taxable","17":"shipping-taxable","18":"purchasable","19":"product-type-simple"},"acf":[],"_links":{"self":[{"href":"https:\/\/secureus.se\/pl\/wp-json\/wp\/v2\/product\/116387","targetHints":{"allow":["GET"]}}],"collection":[{"href":"https:\/\/secureus.se\/pl\/wp-json\/wp\/v2\/product"}],"about":[{"href":"https:\/\/secureus.se\/pl\/wp-json\/wp\/v2\/types\/product"}],"wp:featuredmedia":[{"embeddable":true,"href":"https:\/\/secureus.se\/pl\/wp-json\/wp\/v2\/media\/136034"}],"wp:attachment":[{"href":"https:\/\/secureus.se\/pl\/wp-json\/wp\/v2\/media?parent=116387"}],"wp:term":[{"taxonomy":"product_brand","embeddable":true,"href":"https:\/\/secureus.se\/pl\/wp-json\/wp\/v2\/product_brand?post=116387"},{"taxonomy":"product_cat","embeddable":true,"href":"https:\/\/secureus.se\/pl\/wp-json\/wp\/v2\/product_cat?post=116387"},{"taxonomy":"product_tag","embeddable":true,"href":"https:\/\/secureus.se\/pl\/wp-json\/wp\/v2\/product_tag?post=116387"}],"curies":[{"name":"wp","href":"https:\/\/api.w.org\/{rel}","templated":true}]}}