{"id":116389,"date":"2024-11-05T17:09:51","date_gmt":"2024-11-05T16:09:51","guid":{"rendered":"https:\/\/secureus.se\/?post_type=product&#038;p=116389"},"modified":"2025-12-31T21:29:11","modified_gmt":"2025-12-31T20:29:11","slug":"tv-stativ-pa-hjul-coworksation","status":"publish","type":"product","link":"https:\/\/secureus.se\/pl\/tv-stativ-pa-hjul-coworksation\/","title":{"rendered":"Stojak pod telewizor na k\u00f3\u0142kach COWORKSATION\u00ae"},"content":{"rendered":"<p>Cyfrowe prezentacje i spotkania wideo dla mniejszych grup w r\u00f3\u017cnego rodzaju miejscach spotka\u0144, np. w pokojach grupowych, elastycznych biurach i salach konferencyjnych, staj\u0105 si\u0119 p\u0142ynne i u\u0142atwione dzi\u0119ki ruchomemu modu\u0142owi ekranu i komputera. Du\u017cy uchwyt u\u0142atwiaj\u0105cy rolowanie stojaka, kt\u00f3ry posiada k\u00f3\u0142ka 75 mm z hamulcem, dzi\u0119ki czemu stoi stabilnie r\u00f3wnie\u017c podczas u\u017cytkowania. Skrzynka wykonana jest z klejonej jako\u015bci p\u0142yty CDF (drewno) i posiada kilka otwor\u00f3w na kable i odprowadzanie ciep\u0142a. W g\u00f3rnej komorze znalaz\u0142o si\u0119 miejsce na drobne rzeczy takie jak pilot, mysz, klawiatura, kable itp. Komora z otworem na uchwyt pomie\u015bci mini-PC, a dolna komora przeznaczona jest na akcesoria takie jak kabel po\u0142\u0105czeniowy, listwa zasilaj\u0105ca i baterie. Kabel zasilaj\u0105cy pod\u0142\u0105cza si\u0119 z ty\u0142u aluminiowego s\u0142upka, z\u0142\u0105cze laptopa z boku, a na dole z przodu znajduje si\u0119 otw\u00f3r na kable do \u0142adowania. Wysoko\u015b\u0107 telewizora\/ekranu mo\u017cna regulowa\u0107 podczas monta\u017cu. Parawan mo\u017cna umie\u015bci\u0107 tu\u017c przy kraw\u0119dzi sto\u0142u, a k\u00f3\u0142ka i szuflad\u0119 o wysoko\u015bci 59 cm mo\u017cna wsun\u0105\u0107 i schowa\u0107 pod sto\u0142em. Ekran mocowany jest do uchwytu VESA dla standardowych rozmiar\u00f3w 75\u00d775 do 200\u00d7200. Maksymalny rozmiar ekranu 19-43\u201d (48\u00d7109 cm) i waga do 18 kg, maksymalne wymiary klawiatury mieszcz\u0105cej si\u0119 w pude\u0142ku 479 x 186 x 28 mm (DxSxW). Wytrzymuje ca\u0142kowite obci\u0105\u017cenie 25 kg.<\/p>","protected":false},"excerpt":{"rendered":"<p>Praktyczny stojak telewizyjno-multimedialny na k\u00f3\u0142kach do cyfrowych prezentacji i spotka\u0144 wideo. Uchwyt VESA do ekranu i pude\u0142ko z r\u00f3\u017cnymi przegr\u00f3dkami do przechowywania komputera, klawiatury, pilota, kabli itp.  <\/p>","protected":false},"featured_media":135443,"template":"","meta":{"_acf_changed":false},"product_brand":[],"product_cat":[4241],"product_tag":[4396],"class_list":{"0":"post-116389","1":"product","2":"type-product","3":"status-publish","4":"has-post-thumbnail","6":"product_cat-datortillbehor","7":"product_tag-vit","8":"product_shipping_class-tunga-paket","9":"pa_brands-durable","10":"pa_farg-vit","11":"tm-no-options","13":"first","14":"instock","15":"sale","16":"taxable","17":"shipping-taxable","18":"purchasable","19":"product-type-simple"},"acf":[],"_links":{"self":[{"href":"https:\/\/secureus.se\/pl\/wp-json\/wp\/v2\/product\/116389","targetHints":{"allow":["GET"]}}],"collection":[{"href":"https:\/\/secureus.se\/pl\/wp-json\/wp\/v2\/product"}],"about":[{"href":"https:\/\/secureus.se\/pl\/wp-json\/wp\/v2\/types\/product"}],"wp:featuredmedia":[{"embeddable":true,"href":"https:\/\/secureus.se\/pl\/wp-json\/wp\/v2\/media\/135443"}],"wp:attachment":[{"href":"https:\/\/secureus.se\/pl\/wp-json\/wp\/v2\/media?parent=116389"}],"wp:term":[{"taxonomy":"product_brand","embeddable":true,"href":"https:\/\/secureus.se\/pl\/wp-json\/wp\/v2\/product_brand?post=116389"},{"taxonomy":"product_cat","embeddable":true,"href":"https:\/\/secureus.se\/pl\/wp-json\/wp\/v2\/product_cat?post=116389"},{"taxonomy":"product_tag","embeddable":true,"href":"https:\/\/secureus.se\/pl\/wp-json\/wp\/v2\/product_tag?post=116389"}],"curies":[{"name":"wp","href":"https:\/\/api.w.org\/{rel}","templated":true}]}}