{"id":116538,"date":"2024-12-07T15:21:14","date_gmt":"2024-12-07T14:21:14","guid":{"rendered":"https:\/\/secureus.se\/?post_type=product&#038;p=116538"},"modified":"2026-01-12T12:08:35","modified_gmt":"2026-01-12T11:08:35","slug":"nyckelbricka-key-clip-4","status":"publish","type":"product","link":"https:\/\/secureus.se\/pl\/nyckelbricka-key-clip-4\/","title":{"rendered":"Zawieszka do kluczy KLUCZ"},"content":{"rendered":"<p>Brelok do kluczy przeznaczony do u\u017cytku z szafk\u0105 na klucze firmy Durable KEY BOX, kt\u00f3ra ma specjalne paski na klucze, w kt\u00f3rych ma\u0142e boczne ga\u0142ki pilota opieraj\u0105 si\u0119 na ka\u017cdym haczyku. Oznacza to, \u017ce klucz wisi za tac\u0105, a okienko z etykiet\u0105 jest zawsze czytelne. Aby zmieni\u0107 etykiet\u0119, wystarczy podnie\u015b\u0107 przezroczysty prz\u00f3d i nie trzeba wyjmowa\u0107 ani klucza, ani breloczka. Wymiary etykiety to 17\u00d740 mm, a wymiary zewn\u0119trzne samej tacki to 25\u00d765 mm. Szablony do drukowania etykiet na breloki mo\u017cna pobra\u0107 ze strony https:\/\/www.durable.se\/service\/ladda-ner\/mallar.html.<\/p>","protected":false},"excerpt":{"rendered":"<p>Specjalnie zaprojektowany brelok pasuj\u0105cy do szafki na klucze firmy Durable KEY BOX. 6 szt.\/opakowanie<\/p>","protected":false},"featured_media":135351,"template":"","meta":{"_acf_changed":false},"product_brand":[],"product_cat":[1932],"product_tag":[4389],"class_list":{"0":"post-116538","1":"product","2":"type-product","3":"status-publish","4":"has-post-thumbnail","6":"product_cat-nyckelgomma-nyckelbox","7":"product_tag-rod","8":"product_shipping_class-tunga-paket","9":"pa_brands-durable","10":"pa_farg-rod","11":"tm-no-options","13":"first","14":"instock","15":"sale","16":"taxable","17":"shipping-taxable","18":"purchasable","19":"product-type-simple"},"acf":[],"_links":{"self":[{"href":"https:\/\/secureus.se\/pl\/wp-json\/wp\/v2\/product\/116538","targetHints":{"allow":["GET"]}}],"collection":[{"href":"https:\/\/secureus.se\/pl\/wp-json\/wp\/v2\/product"}],"about":[{"href":"https:\/\/secureus.se\/pl\/wp-json\/wp\/v2\/types\/product"}],"wp:featuredmedia":[{"embeddable":true,"href":"https:\/\/secureus.se\/pl\/wp-json\/wp\/v2\/media\/135351"}],"wp:attachment":[{"href":"https:\/\/secureus.se\/pl\/wp-json\/wp\/v2\/media?parent=116538"}],"wp:term":[{"taxonomy":"product_brand","embeddable":true,"href":"https:\/\/secureus.se\/pl\/wp-json\/wp\/v2\/product_brand?post=116538"},{"taxonomy":"product_cat","embeddable":true,"href":"https:\/\/secureus.se\/pl\/wp-json\/wp\/v2\/product_cat?post=116538"},{"taxonomy":"product_tag","embeddable":true,"href":"https:\/\/secureus.se\/pl\/wp-json\/wp\/v2\/product_tag?post=116538"}],"curies":[{"name":"wp","href":"https:\/\/api.w.org\/{rel}","templated":true}]}}