{"id":116571,"date":"2024-11-05T17:16:12","date_gmt":"2024-11-05T16:16:12","guid":{"rendered":"https:\/\/secureus.se\/?post_type=product&#038;p=116571"},"modified":"2026-01-12T12:34:01","modified_gmt":"2026-01-12T11:34:01","slug":"skarmhallare-pro-med-arm-for-1-skarm-vaggfaste","status":"publish","type":"product","link":"https:\/\/secureus.se\/pl\/skarmhallare-pro-med-arm-for-1-skarm-vaggfaste\/","title":{"rendered":"Uchwyt do ekranu PRO z ramieniem na 1 ekran, uchwyt \u015bcienny"},"content":{"rendered":"<p>Seria Durable \u0142atwych w u\u017cyciu uchwyt\u00f3w do monitor\u00f3w i uchwyt\u00f3w \u015bciennych do dobrej jako\u015bci monitor\u00f3w komputerowych zwalnia miejsce na biurku i zapewnia dobr\u0105 ergonomi\u0119 pracy. Dzi\u0119ki ponadczasowemu i eleganckiemu wzornictwu \u015bwietnie odnajd\u0105 si\u0119 w wielu r\u00f3\u017cnorodnych wn\u0119trzach. Przeznaczony do ekran\u00f3w o formacie 21 \u2013 28 cali i wadze 3-8 kg, kt\u00f3re s\u0105 przygotowane do monta\u017cu VESA 75 x 75 mm lub 100 x 100 mm. Monitor mo\u017cna po prostu wpi\u0105\u0107 w zg\u0142oszony do opatentowania system szybkiego mocowania. Uchwyty \u015bcienne s\u0105 elastyczne, poniewa\u017c mo\u017cna je obraca\u0107, aby ustawi\u0107 ekran w pozycji pionowej lub poziomej, a tak\u017ce ustawi\u0107 je pod k\u0105tem zapewniaj\u0105cym dobry k\u0105t czytania. Wykonane z wyselekcjonowanych materia\u0142\u00f3w najwy\u017cszej jako\u015bci zapewniaj\u0105cych d\u0142ug\u0105 \u017cywotno\u015b\u0107 \u2013 aluminium, metalu i wysokiej jako\u015bci tworzywa sztucznego a\u017c do 60 % z materia\u0142\u00f3w pochodz\u0105cych z recyklingu. Mo\u017cliwo\u015b\u0107 recyklingu do 100 % sprawia, \u017ce te uchwyty do ekran\u00f3w s\u0105 przyjazne dla \u015brodowiska zgodnie z norm\u0105 ISO 14021. Produkcja odbywa si\u0119 w zak\u0142adzie produkcyjnym DURABLE w Niemczech. 10 lat gwarancji. Z\u0142o\u017cono wniosek o homologacj\u0119 tych uchwyt\u00f3w do ekran\u00f3w znakiem bezpiecze\u0144stwa GS (sprawdzone bezpiecze\u0144stwo), kt\u00f3ry daje kupuj\u0105cym, sprzedawcom detalicznym i konsumentom ko\u0144cowym gwarancj\u0119, \u017ce produkt spe\u0142nia najnowsze wymagania bezpiecze\u0144stwa, a tak\u017ce wniosek o certyfikacj\u0119 T\u00dcV, kt\u00f3ry jest jednocze\u015bnie uznany niemiecki certyfikat bezpiecze\u0144stwa i jako\u015bci produkt\u00f3w.<\/p>\n<p>Ten uchwyt \u015bcienny do ekranu nadaje si\u0119 r\u00f3wnie\u017c do zakrzywionych ekran\u00f3w o przek\u0105tnej do 38 cali. W zestawie znajduj\u0105 si\u0119 trzy zaciski do kabli, kt\u00f3re mo\u017cna umie\u015bci\u0107 indywidualnie w odpowiednim miejscu \u2013 aby kable by\u0142y uporz\u0105dkowane. Ekran mo\u017cna przechyli\u0107 w zakresie 110 - 85\u00b0 w g\u00f3r\u0119 i 25\u00b0 w d\u00f3\u0142, dolne rami\u0119 uchwytu \u015bciennego mo\u017cna obr\u00f3ci\u0107 maksymalnie o 200\u00b0, a g\u00f3rne rami\u0119 maksymalnie o 360\u00b0. Wysoko\u015b\u0107 g\u00f3rnego ramienia mo\u017cna regulowa\u0107 w zakresie 20-130 mm. W zestawie \u015bruba i ko\u0142ek do monta\u017cu na \u015bcianie. Wymiary: 290 x 350 x 120 mm (szer. x wys. x g\u0142.)<\/p>\n<p>Przeczytaj wi\u0119cej o oznakowaniu GS: https:\/\/www.handelskammer.se\/vara-tjanster\/miljorapportering\/symbolguiden\/geprufte-sicherheit-provad-sakerhet<br \/>\nPrzeczytaj wi\u0119cej o certyfikacie T\u00dcV: https:\/\/www.handelskammer.se\/vara-tjanster\/miljorapportering\/symbolguiden\/tuv-technischer-uberwachungsverein<br \/>\nWarunki gwarancji mo\u017cna znale\u017a\u0107 tutaj: https:\/\/www.durable.se\/sv_SE\/service\/garanti\/garanti-foer-skaermhaallare\/<\/p>","protected":false},"excerpt":{"rendered":"<p>Uchwyt \u015bcienny do monitora komputerowego. P\u0142ynna i wygodna regulacja ekranu dzi\u0119ki ramieniu spr\u0119\u017cyny gazowej.<\/p>","protected":false},"featured_media":135329,"template":"","meta":{"_acf_changed":false},"product_brand":[],"product_cat":[4243],"product_tag":[4382],"class_list":{"0":"post-116571","1":"product","2":"type-product","3":"status-publish","4":"has-post-thumbnail","6":"product_cat-skarmhallare","7":"product_tag-silver","8":"product_shipping_class-tunga-paket","9":"pa_brands-durable","10":"pa_farg-silver","11":"tm-no-options","13":"first","14":"instock","15":"sale","16":"taxable","17":"shipping-taxable","18":"purchasable","19":"product-type-simple"},"acf":[],"_links":{"self":[{"href":"https:\/\/secureus.se\/pl\/wp-json\/wp\/v2\/product\/116571","targetHints":{"allow":["GET"]}}],"collection":[{"href":"https:\/\/secureus.se\/pl\/wp-json\/wp\/v2\/product"}],"about":[{"href":"https:\/\/secureus.se\/pl\/wp-json\/wp\/v2\/types\/product"}],"wp:featuredmedia":[{"embeddable":true,"href":"https:\/\/secureus.se\/pl\/wp-json\/wp\/v2\/media\/135329"}],"wp:attachment":[{"href":"https:\/\/secureus.se\/pl\/wp-json\/wp\/v2\/media?parent=116571"}],"wp:term":[{"taxonomy":"product_brand","embeddable":true,"href":"https:\/\/secureus.se\/pl\/wp-json\/wp\/v2\/product_brand?post=116571"},{"taxonomy":"product_cat","embeddable":true,"href":"https:\/\/secureus.se\/pl\/wp-json\/wp\/v2\/product_cat?post=116571"},{"taxonomy":"product_tag","embeddable":true,"href":"https:\/\/secureus.se\/pl\/wp-json\/wp\/v2\/product_tag?post=116571"}],"curies":[{"name":"wp","href":"https:\/\/api.w.org\/{rel}","templated":true}]}}