{"id":116607,"date":"2024-11-05T17:04:31","date_gmt":"2024-11-05T16:04:31","guid":{"rendered":"https:\/\/secureus.se\/?post_type=product&#038;p=116607"},"modified":"2026-01-12T12:33:48","modified_gmt":"2026-01-12T11:33:48","slug":"bladderpanelsystem-vario-table-10","status":"publish","type":"product","link":"https:\/\/secureus.se\/pl\/bladderpanelsystem-vario-table-10\/","title":{"rendered":"System paneli odchylnych VARIO\u00ae TABELA 10"},"content":{"rendered":"<p>Stoiska informacyjno-prezentacyjne o r\u00f3\u017cnych nazwach; panel, wy\u015bwietlacz, system przegl\u0105du, rejestr skrzyde\u0142, uchwyt PLU, uchwyt na dokumenty, piesek... Niezale\u017cnie od nazwy, ma wiele zastosowa\u0144 w biurach, sklepach, kuchniach, kasach, na wystawach itp. Cz\u0119sto u\u017cywane informacje s\u0105 przechowywane w systemie przegl\u0105du, s\u0105 przejrzyste i \u0142atwe do znalezienia. VARIO\u00ae TABLE 10 to kompletny stojak na st\u00f3\u0142 z 10 nieodblaskowymi, nadaj\u0105cymi si\u0119 do skanowania kieszeniami z tworzywa sztucznego (czarna, czerwona, \u017c\u00f3\u0142ta, zielona i granatowa) wykonanymi z polipropylenu na dokumenty w formacie A4. W zestawie zdejmowany uchwyt na nag\u0142\u00f3wek 58 mm. Podczas wk\u0142adania i wyjmowania kieszeni dobrze jest delikatnie zagi\u0105\u0107 kiesze\u0144 na \u015brodku wzd\u0142u\u017c d\u0142u\u017cszego boku wewn\u0119trznego, tak aby \u0142atwo by\u0142o wk\u0142ada\u0107 i wyjmowa\u0107 kiesze\u0144 nie uszkadzaj\u0105c kolc\u00f3w w uchwycie. Gumowe n\u00f3\u017cki sprawiaj\u0105, \u017ce stoi stabilnie. 5 lat gwarancji. Warunki gwarancji mo\u017cna znale\u017a\u0107 tutaj: https:\/\/www.durable.se\/sv_SE\/service\/garanti\/garanti-foer-sherpa-vario\/<\/p>","protected":false},"excerpt":{"rendered":"<p>Kompletny metalowy stojak sto\u0142owy z 10 sk\u0142adanymi panelami A4. Cz\u0119sto u\u017cywane informacje s\u0105 szybko i wyra\u017anie dost\u0119pne. <\/p>","protected":false},"featured_media":135685,"template":"","meta":{"_acf_changed":false},"product_brand":[],"product_cat":[4298],"product_tag":[4397],"class_list":{"0":"post-116607","1":"product","2":"type-product","3":"status-publish","4":"has-post-thumbnail","6":"product_cat-bladderstall-bord","7":"product_tag-mix","8":"product_shipping_class-tunga-paket","9":"pa_brands-durable","10":"pa_farg-mix","11":"tm-no-options","13":"first","14":"instock","15":"sale","16":"taxable","17":"shipping-taxable","18":"purchasable","19":"product-type-simple"},"acf":[],"_links":{"self":[{"href":"https:\/\/secureus.se\/pl\/wp-json\/wp\/v2\/product\/116607","targetHints":{"allow":["GET"]}}],"collection":[{"href":"https:\/\/secureus.se\/pl\/wp-json\/wp\/v2\/product"}],"about":[{"href":"https:\/\/secureus.se\/pl\/wp-json\/wp\/v2\/types\/product"}],"wp:featuredmedia":[{"embeddable":true,"href":"https:\/\/secureus.se\/pl\/wp-json\/wp\/v2\/media\/135685"}],"wp:attachment":[{"href":"https:\/\/secureus.se\/pl\/wp-json\/wp\/v2\/media?parent=116607"}],"wp:term":[{"taxonomy":"product_brand","embeddable":true,"href":"https:\/\/secureus.se\/pl\/wp-json\/wp\/v2\/product_brand?post=116607"},{"taxonomy":"product_cat","embeddable":true,"href":"https:\/\/secureus.se\/pl\/wp-json\/wp\/v2\/product_cat?post=116607"},{"taxonomy":"product_tag","embeddable":true,"href":"https:\/\/secureus.se\/pl\/wp-json\/wp\/v2\/product_tag?post=116607"}],"curies":[{"name":"wp","href":"https:\/\/api.w.org\/{rel}","templated":true}]}}